{"id":16230,"date":"2023-10-06T09:47:04","date_gmt":"2023-10-06T09:47:04","guid":{"rendered":"https:\/\/mariswiss.com\/?page_id=16230"},"modified":"2023-12-13T12:48:57","modified_gmt":"2023-12-13T12:48:57","slug":"faqs","status":"publish","type":"page","link":"https:\/\/mariswiss.com\/sv\/faqs\/","title":{"rendered":"Vanliga fr\u00e5gor"},"content":{"rendered":"<div id=\"page-header-1230803710\" class=\"page-header-wrapper\">\n  <div class=\"page-title dark featured-title\">\n\n    \n    <div class=\"page-title-inner container align-center text-center flex-row-col medium-flex-wrap\" >\n              <div class=\"title-wrapper flex-col\">\n          <h1 class=\"entry-title mb-0\">\n            Vanliga fr\u00e5gor          <\/h1>\n        <\/div>\n                    <div class=\"title-content flex-col\">\n        <div class=\"title-breadcrumbs pb-half pt-half\"><nav class=\"woocommerce-breadcrumb breadcrumbs uppercase\" data-no-translation=\"\" data-trp-gettext=\"\">Hem<\/nav><\/div>      <\/div>\n    <\/div>\n\n       <\/div>\n    <\/div>\n  \n<div class=\"row\"  id=\"row-1408771608\">\n\n\t<div id=\"col-1465524994\" class=\"col small-12 large-12\"  >\n\t\t\t\t<div class=\"col-inner\"  >\n\t\t\t\n\t\t\t\n\t<div id=\"gap-1302655718\" class=\"gap-element clearfix\" style=\"display:block; height:auto;\">\n\t\t\n<style>\n#gap-1302655718 {\n  padding-top: 30px;\n}\n<\/style>\n\t<\/div>\n\t\n\t<div id=\"text-1667652967\" class=\"text\">\n\t\t\n<h2>Frakt, returer, betalning och avbokning<\/h2>\n\t\t\n<style>\n#text-1667652967 {\n  text-align: center;\n}\n@media (min-width:550px) {\n  #text-1667652967 {\n    text-align: center;\n  }\n}\n@media (min-width:850px) {\n  #text-1667652967 {\n    text-align: center;\n  }\n}\n<\/style>\n\t<\/div>\n\t\n\t\t<\/div>\n\t\t\t\t\t<\/div>\n\n\t\n<\/div>\n<div class=\"accordion\">\n\t<div id=\"accordion-3965931117\" class=\"accordion-item\">\n\t\t<a id=\"accordion-3965931117-label\" class=\"accordion-title plain\" href=\"#accordion-item-o\u00f9-exp\u00e9diez-vous-vos-produits-?\" aria-expanded=\"false\" aria-controls=\"accordion-3965931117-content\" >\n\t\t\t<button class=\"toggle\" aria-label=\"Toggle\"><i class=\"icon-angle-down\"><\/i><\/button>\n\t\t\t<span>Vart skickar ni era produkter?<\/span>\n\t\t<\/a>\n\t\t<div id=\"accordion-3965931117-content\" class=\"accordion-inner\" aria-labelledby=\"accordion-3965931117-label\" >\n\t\t\t\n<p>Vi skickar v\u00e5ra produkter till Schweiz och n\u00e4stan alla europeiska l\u00e4nder (Frankrike, Storbritannien, Spanien, Italien etc.).<\/p>\n\t\t<\/div>\n\t<\/div>\n\t\n\t<div id=\"accordion-1006207167\" class=\"accordion-item\">\n\t\t<a id=\"accordion-1006207167-label\" class=\"accordion-title plain\" href=\"#accordion-item-comment-fonctionne-la-livraison-?\" aria-expanded=\"false\" aria-controls=\"accordion-1006207167-content\" >\n\t\t\t<button class=\"toggle\" aria-label=\"Toggle\"><i class=\"icon-angle-down\"><\/i><\/button>\n\t\t\t<span>Hur fungerar leveransen?<\/span>\n\t\t<\/a>\n\t\t<div id=\"accordion-1006207167-content\" class=\"accordion-inner\" aria-labelledby=\"accordion-1006207167-label\" >\n\t\t\t\n<p>S\u00e5 snart ett paket har \u00f6verl\u00e4mnats till v\u00e5r logistikpartner f\u00e5r du sp\u00e5rningsnumret med leveransbekr\u00e4ftelsen via e-post. P\u00e5 s\u00e5 s\u00e4tt kan du f\u00f6lja statusen f\u00f6r ditt paket p\u00e5 onlineportalen.<\/p>\n\t\t<\/div>\n\t<\/div>\n\t\n\t<div id=\"accordion-1626183916\" class=\"accordion-item\">\n\t\t<a id=\"accordion-1626183916-label\" class=\"accordion-title plain\" href=\"#accordion-item-quels-sont-les-d\u00e9lais-de-livraison?\" aria-expanded=\"false\" aria-controls=\"accordion-1626183916-content\" >\n\t\t\t<button class=\"toggle\" aria-label=\"Toggle\"><i class=\"icon-angle-down\"><\/i><\/button>\n\t\t\t<span>Vilka \u00e4r leveranstiderna?<\/span>\n\t\t<\/a>\n\t\t<div id=\"accordion-1626183916-content\" class=\"accordion-inner\" aria-labelledby=\"accordion-1626183916-label\" >\n\t\t\t\n<p>Du hittar leveranspriser, villkor f\u00f6r kostnadsfri leverans och f\u00f6rv\u00e4ntade leveranstider nedan:<\/p>\n<div id=\"text-2205728838\" class=\"text\">\n<table class=\"shipping-table\" width=\"292\">\n<tbody>\n<tr>\n<th>LAND<\/th>\n<th>LEVERANSAVGIFTER<\/th>\n<th>FRI FR\u00c5N<\/th>\n<th>SISTA INL\u00c4MNINGSDAG<\/th>\n<\/tr>\n<tr>\n<td><strong>Frankrikes storstadsomr\u00e5de<\/strong><\/td>\n<td class=\"price\"><strong>4.95 \u20ac<\/strong><\/td>\n<td class=\"price\"><strong>65.00 \u20ac<\/strong><\/td>\n<td class=\"time\"><strong>48 till 72 timmar<\/strong><\/td>\n<\/tr>\n<tr>\n<td><strong>Utomeuropeiska l\u00e4nder<\/strong><\/td>\n<td class=\"price\"><strong>13.10 \u20ac<\/strong><\/td>\n<td class=\"price\"><strong>95 \u20ac<\/strong><\/td>\n<td class=\"time\"><strong>5 till 10 dagar<\/strong><\/td>\n<\/tr>\n<tr>\n<td><strong>Europa<\/strong><\/td>\n<td class=\"price\"><strong>13.35 \u20ac<\/strong><\/td>\n<td class=\"price\"><strong>90 \u20ac<\/strong><\/td>\n<td class=\"time\"><strong>4 till 7 dagar<\/strong><\/td>\n<\/tr>\n<tr>\n<td><strong>STORBRITANNIEN<\/strong><\/td>\n<td class=\"price\"><strong>16.5 \u20ac<\/strong><\/td>\n<td class=\"price\"><strong>110\u20ac<\/strong><\/td>\n<td class=\"time\"><strong>4 till 7 dagar<\/strong><\/td>\n<\/tr>\n<tr>\n<td><strong>Schweiz<\/strong><\/td>\n<td class=\"price\"><strong>5 \u20ac<\/strong><\/td>\n<td class=\"price\"><strong>65 \u20ac<\/strong><\/td>\n<td class=\"time\"><strong>48 till 72 timmar<\/strong><\/td>\n<\/tr>\n<\/tbody>\n<\/table>\n<\/div>\n\t\t<\/div>\n\t<\/div>\n\t\n\t<div id=\"accordion-100535987\" class=\"accordion-item\">\n\t\t<a id=\"accordion-100535987-label\" class=\"accordion-title plain\" href=\"#accordion-item-j&#039;habite-en-france,-dois-je-payer-des-droits-de-douane-et-des-taxes-\u00e0-l&#039;importation?\" aria-expanded=\"false\" aria-controls=\"accordion-100535987-content\" >\n\t\t\t<button class=\"toggle\" aria-label=\"Toggle\"><i class=\"icon-angle-down\"><\/i><\/button>\n\t\t\t<span>Jag bor i Frankrike, m\u00e5ste jag betala tullavgifter och importskatter?<\/span>\n\t\t<\/a>\n\t\t<div id=\"accordion-100535987-content\" class=\"accordion-inner\" aria-labelledby=\"accordion-100535987-label\" >\n\t\t\t\n<p>Nej, vi betalar momsen och eventuella extrakostnader. S\u00e5 du beh\u00f6ver inte betala n\u00e5gonting.<\/p>\n\t\t<\/div>\n\t<\/div>\n\t\n\t<div id=\"accordion-97786026\" class=\"accordion-item\">\n\t\t<a id=\"accordion-97786026-label\" class=\"accordion-title plain\" href=\"#accordion-item-mon-colis-ne-semble-pas-bouger,-que-se-passe-t&#039;il-?\" aria-expanded=\"false\" aria-controls=\"accordion-97786026-content\" >\n\t\t\t<button class=\"toggle\" aria-label=\"Toggle\"><i class=\"icon-angle-down\"><\/i><\/button>\n\t\t\t<span>Mitt paket verkar inte r\u00f6ra p\u00e5 sig. Vad \u00e4r det som h\u00e4nder?<\/span>\n\t\t<\/a>\n\t\t<div id=\"accordion-97786026-content\" class=\"accordion-inner\" aria-labelledby=\"accordion-97786026-label\" >\n\t\t\t\n<p>Oroa dig inte, det kan h\u00e4nda att v\u00e5r transport\u00f6r inte skannar ditt paket direkt.<\/p>\n<p>Det kan d\u00e4rf\u00f6r ta 1 till 3 arbetsdagar innan paketet skickas vidare. Om paketet efter denna tid fortfarande inte har skickats, v\u00e4nligen kontakta oss p\u00e5 <strong> contact@mariswiss.com<\/strong><\/p>\n\t\t<\/div>\n\t<\/div>\n\t\n\t<div id=\"accordion-2203909621\" class=\"accordion-item\">\n\t\t<a id=\"accordion-2203909621-label\" class=\"accordion-title plain\" href=\"#accordion-item-est-ce-que-mes-articles-seront-regroup\u00e9s-dans-un-unique-colis-pour-la-livraison-?\" aria-expanded=\"false\" aria-controls=\"accordion-2203909621-content\" >\n\t\t\t<button class=\"toggle\" aria-label=\"Toggle\"><i class=\"icon-angle-down\"><\/i><\/button>\n\t\t\t<span>Kommer mina varor att samlas i ett enda paket f\u00f6r leverans?<\/span>\n\t\t<\/a>\n\t\t<div id=\"accordion-2203909621-content\" class=\"accordion-inner\" aria-labelledby=\"accordion-2203909621-label\" >\n\t\t\t\n<p>I vissa situationer kan vi beh\u00f6va skicka din best\u00e4llning i flera paket. Vi kommer att informera dig i f\u00f6rv\u00e4g och f\u00f6rse dig med motsvarande sp\u00e5rningsnummer om det beh\u00f6vs.<\/p>\n\t\t<\/div>\n\t<\/div>\n\t\n\t<div id=\"accordion-1980154355\" class=\"accordion-item\">\n\t\t<a id=\"accordion-1980154355-label\" class=\"accordion-title plain\" href=\"#accordion-item-quels-modes-de-paiement-sont-propos\u00e9s-?\" aria-expanded=\"false\" aria-controls=\"accordion-1980154355-content\" >\n\t\t\t<button class=\"toggle\" aria-label=\"Toggle\"><i class=\"icon-angle-down\"><\/i><\/button>\n\t\t\t<span>Vilka betalningsmetoder finns tillg\u00e4ngliga?<\/span>\n\t\t<\/a>\n\t\t<div id=\"accordion-1980154355-content\" class=\"accordion-inner\" aria-labelledby=\"accordion-1980154355-label\" >\n\t\t\t\n<p>Vi erbjuder f\u00f6ljande betalningsmetoder:<\/p>\n<ol>\n<li>Kreditkort (Visa, MasterCard, American Express).<\/li>\n<li>Twint (endast tillg\u00e4ngligt i Schweiz).<\/li>\n<li>Kontant betalning p\u00e5 plats. (endast tillg\u00e4ngligt i Schweiz)<\/li>\n<\/ol>\n\t\t<\/div>\n\t<\/div>\n\t\n\t<div id=\"accordion-3146640974\" class=\"accordion-item\">\n\t\t<a id=\"accordion-3146640974-label\" class=\"accordion-title plain\" href=\"#accordion-item-\u00c0-partir-de-quel-\u00e2ge-est-il-autoris\u00e9-d&#039;acheter-du-cbd-l\u00e9galement-?\" aria-expanded=\"false\" aria-controls=\"accordion-3146640974-content\" >\n\t\t\t<button class=\"toggle\" aria-label=\"Toggle\"><i class=\"icon-angle-down\"><\/i><\/button>\n\t\t\t<span>Vid vilken \u00e5lder \u00e4r det lagligt att k\u00f6pa CBD?<\/span>\n\t\t<\/a>\n\t\t<div id=\"accordion-3146640974-content\" class=\"accordion-inner\" aria-labelledby=\"accordion-3146640974-label\" >\n\t\t\t\n<p>Du m\u00e5ste vara minst 18 \u00e5r f\u00f6r att best\u00e4lla produkter p\u00e5 v\u00e5r webbplats.<\/p>\n\t\t<\/div>\n\t<\/div>\n\t\n\t<div id=\"accordion-1540735792\" class=\"accordion-item\">\n\t\t<a id=\"accordion-1540735792-label\" class=\"accordion-title plain\" href=\"#accordion-item-est-ce-que-les-transactions-en-ligne-sont-s\u00e9curis\u00e9es-?\" aria-expanded=\"false\" aria-controls=\"accordion-1540735792-content\" >\n\t\t\t<button class=\"toggle\" aria-label=\"Toggle\"><i class=\"icon-angle-down\"><\/i><\/button>\n\t\t\t<span>\u00c4r transaktioner p\u00e5 n\u00e4tet s\u00e4kra?<\/span>\n\t\t<\/a>\n\t\t<div id=\"accordion-1540735792-content\" class=\"accordion-inner\" aria-labelledby=\"accordion-1540735792-label\" >\n\t\t\t\n<p>Ditt kreditkortsnummer omdirigeras till betalningsservrarna, d\u00e4r din betalning behandlas direkt i en s\u00e4ker milj\u00f6, utan att passera v\u00e5ra servrar. <a href=\"https:\/\/mariswiss.com\/sv\/\">mariswiss.com.<\/a> Detta s\u00e4kerst\u00e4ller att din kreditkortsinformation endast \u00e4r tillg\u00e4nglig f\u00f6r v\u00e5r bankpartner.<\/p>\n\t\t<\/div>\n\t<\/div>\n\t\n\t<div id=\"accordion-1407359075\" class=\"accordion-item\">\n\t\t<a id=\"accordion-1407359075-label\" class=\"accordion-title plain\" href=\"#accordion-item-si-vous-avez-re\u00e7u-le-mauvais-article,-que-devez-vous-faire-?\" aria-expanded=\"false\" aria-controls=\"accordion-1407359075-content\" >\n\t\t\t<button class=\"toggle\" aria-label=\"Toggle\"><i class=\"icon-angle-down\"><\/i><\/button>\n\t\t\t<span>Om du har f\u00e5tt fel vara, vad ska du g\u00f6ra?<\/span>\n\t\t<\/a>\n\t\t<div id=\"accordion-1407359075-content\" class=\"accordion-inner\" aria-labelledby=\"accordion-1407359075-label\" >\n\t\t\t\n<p>Du har sedan tre (3) arbetsdagar p\u00e5 dig att meddela oss om felet.<\/p>\n<p>I h\u00e4ndelse av ett fraktfel som vi \u00e4r ansvariga f\u00f6r kommer vi att f\u00f6resl\u00e5 en kompensationsl\u00f6sning fr\u00e5n fall till fall.<\/p>\n\t\t<\/div>\n\t<\/div>\n\t\n\t<div id=\"accordion-2781880397\" class=\"accordion-item\">\n\t\t<a id=\"accordion-2781880397-label\" class=\"accordion-title plain\" href=\"#accordion-item-est-il-possible-d&#039;annuler-ou-de-modifier-ma-commande-?\" aria-expanded=\"false\" aria-controls=\"accordion-2781880397-content\" >\n\t\t\t<button class=\"toggle\" aria-label=\"Toggle\"><i class=\"icon-angle-down\"><\/i><\/button>\n\t\t\t<span>Kan jag avbryta eller \u00e4ndra min best\u00e4llning?<\/span>\n\t\t<\/a>\n\t\t<div id=\"accordion-2781880397-content\" class=\"accordion-inner\" aria-labelledby=\"accordion-2781880397-label\" >\n\t\t\t\n<p>Ja, du kan avbryta eller \u00e4ndra din best\u00e4llning s\u00e5 l\u00e4nge den \u00e4nnu inte har skickats.<\/p>\n\t\t<\/div>\n\t<\/div>\n\t\n<\/div>\n<div class=\"accordion\">\n<\/div>","protected":false},"excerpt":{"rendered":"","protected":false},"author":2,"featured_media":0,"parent":0,"menu_order":0,"comment_status":"closed","ping_status":"closed","template":"","meta":{"inline_featured_image":false,"footnotes":""},"class_list":["post-16230","page","type-page","status-publish","hentry"],"jetpack_sharing_enabled":true,"_links":{"self":[{"href":"https:\/\/mariswiss.com\/sv\/wp-json\/wp\/v2\/pages\/16230","targetHints":{"allow":["GET"]}}],"collection":[{"href":"https:\/\/mariswiss.com\/sv\/wp-json\/wp\/v2\/pages"}],"about":[{"href":"https:\/\/mariswiss.com\/sv\/wp-json\/wp\/v2\/types\/page"}],"author":[{"embeddable":true,"href":"https:\/\/mariswiss.com\/sv\/wp-json\/wp\/v2\/users\/2"}],"replies":[{"embeddable":true,"href":"https:\/\/mariswiss.com\/sv\/wp-json\/wp\/v2\/comments?post=16230"}],"version-history":[{"count":6,"href":"https:\/\/mariswiss.com\/sv\/wp-json\/wp\/v2\/pages\/16230\/revisions"}],"predecessor-version":[{"id":16666,"href":"https:\/\/mariswiss.com\/sv\/wp-json\/wp\/v2\/pages\/16230\/revisions\/16666"}],"wp:attachment":[{"href":"https:\/\/mariswiss.com\/sv\/wp-json\/wp\/v2\/media?parent=16230"}],"curies":[{"name":"wp","href":"https:\/\/api.w.org\/{rel}","templated":true}]}}