{"id":16396,"date":"2023-10-18T11:57:06","date_gmt":"2023-10-18T11:57:06","guid":{"rendered":"https:\/\/mariswiss.com\/?page_id=16396"},"modified":"2024-04-02T12:43:15","modified_gmt":"2024-04-02T12:43:15","slug":"programme-de-fidelite","status":"publish","type":"page","link":"https:\/\/mariswiss.com\/sv\/programme-de-fidelite\/","title":{"rendered":"Lojalitetsprogram"},"content":{"rendered":"<ol>\n<li>Hur fungerar systemet?\n<ul>\n<li>Varje euro som du spenderar p\u00e5 v\u00e5r webbplats ger dig 1 po\u00e4ng.<\/li>\n<\/ul>\n<\/li>\n<li>L\u00e4mna ett omd\u00f6me om v\u00e5r shop och f\u00e5 20 po\u00e4ng.<\/li>\n<li>Registrera dig som kund i v\u00e5r butik och f\u00e5 100 po\u00e4ng.<\/li>\n<li>Med dessa po\u00e4ng kan du sedan g\u00f6ra rabatterade ink\u00f6p p\u00e5 v\u00e5r webbplats, eller till och med g\u00f6ra en gratis best\u00e4llning om du har tillr\u00e4ckligt m\u00e5nga po\u00e4ng.\n<ul>\n<li>1 spenderad = 1 po\u00e4ng<\/li>\n<li>1 publicerad recension = 20 po\u00e4ng<\/li>\n<li>Registrera ett kundkonto = 100 po\u00e4ng<\/li>\n<\/ul>\n<\/li>\n<li>Om du \u00e4r n\u00f6jd med produkterna och servicen kan du l\u00e4mna ett 5-stj\u00e4rnigt omd\u00f6me p\u00e5 f\u00f6ljande sida n\u00e4r du har f\u00e5tt ditt paket: [Trustpilot-l\u00e4nk]. N\u00e4r du g\u00f6r det f\u00e5r du 100 lojalitetspo\u00e4ng, vilket motsvarar 5 \u20ac rabatt p\u00e5 din n\u00e4sta best\u00e4llning.\n<ul>\n<li>100 po\u00e4ng = 5 \u20ac rabatt p\u00e5 din n\u00e4sta best\u00e4llning<\/li>\n<\/ul>\n<\/li>\n<li>Vill du samla fler po\u00e4ng? Skriv recensioner av de produkter du har k\u00f6pt s\u00e5 f\u00e5r du 20 po\u00e4ng f\u00f6r varje recension.<\/li>\n<li>F\u00f6r att kontrollera ditt po\u00e4ngsaldo loggar du in p\u00e5 ditt konto och v\u00e4ljer \"Po\u00e4ng\" i huvudmenyn.<\/li>\n<li>F\u00f6r att ta reda p\u00e5 hur du anv\u00e4nder dina po\u00e4ng, bes\u00f6k v\u00e5r s\u00e4rskilda sida.<\/li>\n<\/ol>","protected":false},"excerpt":{"rendered":"<p>Comment fonctionne ce syst\u00e8me ? Chaque euro que vous d\u00e9pensez sur notre site vous rapporte 1 point. Laissez un avis sur notre boutique pour accumuler 20 points. Enregistrez-vous en tant que client sur notre boutique et recevez 100 points. Ensuite, avec ces points, vous pouvez effectuer des achats \u00e0 prix r\u00e9duit sur notre site web, [&#8230;]","protected":false},"author":2,"featured_media":0,"parent":0,"menu_order":0,"comment_status":"closed","ping_status":"closed","template":"","meta":{"inline_featured_image":false,"footnotes":""},"class_list":["post-16396","page","type-page","status-publish","hentry"],"jetpack_sharing_enabled":true,"_links":{"self":[{"href":"https:\/\/mariswiss.com\/sv\/wp-json\/wp\/v2\/pages\/16396","targetHints":{"allow":["GET"]}}],"collection":[{"href":"https:\/\/mariswiss.com\/sv\/wp-json\/wp\/v2\/pages"}],"about":[{"href":"https:\/\/mariswiss.com\/sv\/wp-json\/wp\/v2\/types\/page"}],"author":[{"embeddable":true,"href":"https:\/\/mariswiss.com\/sv\/wp-json\/wp\/v2\/users\/2"}],"replies":[{"embeddable":true,"href":"https:\/\/mariswiss.com\/sv\/wp-json\/wp\/v2\/comments?post=16396"}],"version-history":[{"count":4,"href":"https:\/\/mariswiss.com\/sv\/wp-json\/wp\/v2\/pages\/16396\/revisions"}],"predecessor-version":[{"id":16403,"href":"https:\/\/mariswiss.com\/sv\/wp-json\/wp\/v2\/pages\/16396\/revisions\/16403"}],"wp:attachment":[{"href":"https:\/\/mariswiss.com\/sv\/wp-json\/wp\/v2\/media?parent=16396"}],"curies":[{"name":"wp","href":"https:\/\/api.w.org\/{rel}","templated":true}]}}