{"id":19726,"date":"2024-11-23T08:38:05","date_gmt":"2024-11-23T08:38:05","guid":{"rendered":"https:\/\/mariswiss.com\/?page_id=19726"},"modified":"2024-12-05T15:11:47","modified_gmt":"2024-12-05T15:11:47","slug":"mention-legal","status":"publish","type":"page","link":"https:\/\/mariswiss.com\/sv\/mention-legal\/","title":{"rendered":"Juridisk information"},"content":{"rendered":"<p>I enlighet med best\u00e4mmelserna i artiklarna 6-III och 19 i lag nr 2004-575 av den 21 juni 2004 om f\u00f6rtroende f\u00f6r den digitala ekonomin, k\u00e4nd som L.C.E.N., informerar vi h\u00e4rmed anv\u00e4ndare och bes\u00f6kare p\u00e5 webbplatsen https:\/\/www.mariswiss.com om f\u00f6ljande information:<\/p>\n<p><strong>Juridisk information :<br \/>\n<\/strong><br \/>\nF\u00f6retagets namn: Eco Brothers S\u00e0rl<br \/>\nAdress: 13 Route d'annemasse, 74160 SAINT-JULIEN-EN-GENEVOIS, Frankrike.<br \/>\nTel: +33 (0)679 82 40 78<br \/>\nKapital om : 10 000 EURO<br \/>\nSIRET : 901 440 503 R.C.S. : Thonon-les-Bains<br \/>\nIntracommunity Momsregistreringsnummer: FR30901440503<br \/>\nE-postadress: contact@mariswiss.com<\/p>\n<p>Skaparen av webbplatsen \u00e4r: Mari Swiss<br \/>\nAnsvarig f\u00f6r publiceringen \u00e4r bolagets styrelseordf\u00f6rande och verkst\u00e4llande direkt\u00f6r<br \/>\nKontakta ansvarig utgivare: contact@mariswiss.com<\/p>\n<p>Kontakta webbansvarig: Du kan anv\u00e4nda kontaktformul\u00e4ret p\u00e5 webbplatsen.<\/p>\n<p>Webbplatsens v\u00e4rd \u00e4r: 1&amp;1 IONOS Inc, 701 Lee Road, Suite 300, Chesterbrook, PA 19087, USA<\/p>","protected":false},"excerpt":{"rendered":"<p>Conform\u00e9ment aux dispositions des articles 6-III et 19 de la Loi n\u00b0 2004-575 du 21 juin 2004 pour la Confiance dans l\u2019\u00e9conomie num\u00e9rique, dite L.C.E.N., nous portons \u00e0 la connaissance des utilisateurs et visiteurs du site : https:\/\/www.mariswiss.com les informations suivantes : Informations l\u00e9gales : Nom de la Soci\u00e9t\u00e9 : Eco Brothers S\u00e0rl Adresse :13 [&#8230;]","protected":false},"author":81,"featured_media":0,"parent":0,"menu_order":0,"comment_status":"closed","ping_status":"closed","template":"","meta":{"inline_featured_image":false,"footnotes":""},"class_list":["post-19726","page","type-page","status-publish","hentry"],"jetpack_sharing_enabled":true,"_links":{"self":[{"href":"https:\/\/mariswiss.com\/sv\/wp-json\/wp\/v2\/pages\/19726","targetHints":{"allow":["GET"]}}],"collection":[{"href":"https:\/\/mariswiss.com\/sv\/wp-json\/wp\/v2\/pages"}],"about":[{"href":"https:\/\/mariswiss.com\/sv\/wp-json\/wp\/v2\/types\/page"}],"author":[{"embeddable":true,"href":"https:\/\/mariswiss.com\/sv\/wp-json\/wp\/v2\/users\/81"}],"replies":[{"embeddable":true,"href":"https:\/\/mariswiss.com\/sv\/wp-json\/wp\/v2\/comments?post=19726"}],"version-history":[{"count":3,"href":"https:\/\/mariswiss.com\/sv\/wp-json\/wp\/v2\/pages\/19726\/revisions"}],"predecessor-version":[{"id":19792,"href":"https:\/\/mariswiss.com\/sv\/wp-json\/wp\/v2\/pages\/19726\/revisions\/19792"}],"wp:attachment":[{"href":"https:\/\/mariswiss.com\/sv\/wp-json\/wp\/v2\/media?parent=19726"}],"curies":[{"name":"wp","href":"https:\/\/api.w.org\/{rel}","templated":true}]}}