{"id":3,"date":"2023-07-17T09:06:02","date_gmt":"2023-07-17T09:06:02","guid":{"rendered":"https:\/\/mariswiss.com\/?page_id=3"},"modified":"2024-04-02T12:43:02","modified_gmt":"2024-04-02T12:43:02","slug":"privacy-policy","status":"publish","type":"page","link":"https:\/\/mariswiss.com\/sv\/privacy-policy\/","title":{"rendered":"Integritetspolicy"},"content":{"rendered":"<p><strong>Mariswiss.com Integritetspolicy<\/strong><\/p>\r\n<p>Denna integritetspolicy beskriver hur Mariswiss.com samlar in, anv\u00e4nder, skyddar och delar den personliga information som du l\u00e4mnar till oss n\u00e4r du anv\u00e4nder v\u00e5r webbplats. Vi \u00e4r fast beslutna att skydda din integritet och f\u00f6lja till\u00e4mpliga dataskyddslagar.<\/p>\r\n<p><strong>Insamling av personuppgifter<\/strong><\/p>\r\n<p>N\u00e4r du bes\u00f6ker Mariswiss.com kan vi samla in vissa personuppgifter om dig, inklusive ditt namn, e-postadress, postadress, telefonnummer och annan information som du frivilligt v\u00e4ljer att l\u00e4mna till oss.<\/p>\r\n<p><strong>Anv\u00e4ndning av personuppgifter<\/strong><\/p>\r\n<p>Vi anv\u00e4nder dina personuppgifter f\u00f6r f\u00f6ljande \u00e4ndam\u00e5l:<\/p>\r\n<ol>\r\n<li>F\u00f6r att behandla dina best\u00e4llningar och leverera de produkter du har k\u00f6pt.<\/li>\r\n<li>F\u00f6r att besvara dina fr\u00e5gor, funderingar eller problem.<\/li>\r\n<li>F\u00f6r att anpassa din upplevelse p\u00e5 v\u00e5r webbplats och f\u00f6rse dig med relevant inneh\u00e5ll.<\/li>\r\n<li>F\u00f6r att skicka information till dig om v\u00e5ra produkter, kampanjer och specialerbjudanden, om du har gett ditt samtycke till detta.<\/li>\r\n<li>F\u00f6r att f\u00f6rb\u00e4ttra v\u00e5r webbplats, v\u00e5ra produkter och tj\u00e4nster.<\/li>\r\n<li>F\u00f6r att uppfylla r\u00e4ttsliga och regulatoriska skyldigheter.<\/li>\r\n<\/ol>\r\n<p><strong>Utbyte av personuppgifter<\/strong><\/p>\r\n<p>Vi s\u00e4ljer, hyr ut eller delar inte dina personuppgifter med tredje part, f\u00f6rutom i f\u00f6ljande fall:<\/p>\r\n<ol>\r\n<li>Vid behov f\u00f6r att behandla dina best\u00e4llningar och f\u00f6rse dig med v\u00e5ra produkter.<\/li>\r\n<li>N\u00e4r det kr\u00e4vs enligt lag eller av en statlig myndighet.<\/li>\r\n<li>Med tredjepartsleverant\u00f6rer (t.ex. transportf\u00f6retag) f\u00f6r att f\u00f6rse dig med v\u00e5ra produkter och tj\u00e4nster.<\/li>\r\n<\/ol>\r\n<p><strong>Skydd av personuppgifter<\/strong><\/p>\r\n<p>Vi vidtar l\u00e4mpliga s\u00e4kerhets\u00e5tg\u00e4rder f\u00f6r att skydda dina personuppgifter mot f\u00f6rlust, obeh\u00f6rig \u00e5tkomst, utl\u00e4mnande, \u00e4ndring eller f\u00f6rst\u00f6relse. Observera dock att ingen metod f\u00f6r \u00f6verf\u00f6ring via Internet eller metod f\u00f6r elektronisk lagring \u00e4r helt s\u00e4ker.<\/p>\r\n<p><strong>Cookies och liknande tekniker<\/strong><\/p>\r\n<p>Vi anv\u00e4nder cookies och andra liknande tekniker f\u00f6r att f\u00f6rb\u00e4ttra din upplevelse p\u00e5 v\u00e5r webbplats. Du kan hantera dina cookiepreferenser genom att justera inst\u00e4llningarna i din webbl\u00e4sare.<\/p>\r\n<p><strong>Dina r\u00e4ttigheter<\/strong><\/p>\r\n<p>Du har r\u00e4tt att beg\u00e4ra tillg\u00e5ng till, korrigera, radera eller inv\u00e4nda mot behandlingen av dina personuppgifter. F\u00f6r att ut\u00f6va dessa r\u00e4ttigheter eller om du har n\u00e5gra fr\u00e5gor om v\u00e5r integritetspolicy, v\u00e4nligen kontakta oss p\u00e5 [din e-postadress eller postadress].<\/p>\r\n<p><strong>Uppdateringar av integritetspolicyn<\/strong><\/p>\r\n<p>Vi f\u00f6rbeh\u00e5ller oss r\u00e4tten att n\u00e4r som helst uppdatera denna integritetspolicy. \u00c4ndringar kommer att publiceras p\u00e5 denna sida, och revisionsdatumet kommer att uppdateras ovan.<\/p>\r\n<p>Genom att anv\u00e4nda v\u00e5r webbplats samtycker du till denna integritetspolicy.<\/p>\r\n<p>Denna integritetspolicy uppdaterades senast den 03.10.2023<\/p>","protected":false},"excerpt":{"rendered":"<p>Politique de Confidentialit\u00e9 de Mariswiss.com La pr\u00e9sente Politique de Confidentialit\u00e9 d\u00e9crit la mani\u00e8re dont Mariswiss.com recueille, utilise, prot\u00e8ge et partage les informations personnelles que vous nous fournissez lorsque vous utilisez notre site web. Nous nous engageons \u00e0 prot\u00e9ger votre vie priv\u00e9e et \u00e0 respecter les lois applicables en mati\u00e8re de protection des donn\u00e9es. Collecte de [&#8230;]","protected":false},"author":2,"featured_media":0,"parent":0,"menu_order":0,"comment_status":"closed","ping_status":"open","template":"","meta":{"inline_featured_image":false,"footnotes":""},"class_list":["post-3","page","type-page","status-publish","hentry"],"jetpack_sharing_enabled":true,"_links":{"self":[{"href":"https:\/\/mariswiss.com\/sv\/wp-json\/wp\/v2\/pages\/3","targetHints":{"allow":["GET"]}}],"collection":[{"href":"https:\/\/mariswiss.com\/sv\/wp-json\/wp\/v2\/pages"}],"about":[{"href":"https:\/\/mariswiss.com\/sv\/wp-json\/wp\/v2\/types\/page"}],"author":[{"embeddable":true,"href":"https:\/\/mariswiss.com\/sv\/wp-json\/wp\/v2\/users\/2"}],"replies":[{"embeddable":true,"href":"https:\/\/mariswiss.com\/sv\/wp-json\/wp\/v2\/comments?post=3"}],"version-history":[{"count":2,"href":"https:\/\/mariswiss.com\/sv\/wp-json\/wp\/v2\/pages\/3\/revisions"}],"predecessor-version":[{"id":16211,"href":"https:\/\/mariswiss.com\/sv\/wp-json\/wp\/v2\/pages\/3\/revisions\/16211"}],"wp:attachment":[{"href":"https:\/\/mariswiss.com\/sv\/wp-json\/wp\/v2\/media?parent=3"}],"curies":[{"name":"wp","href":"https:\/\/api.w.org\/{rel}","templated":true}]}}