{"id":16351,"date":"2023-10-17T14:45:51","date_gmt":"2023-10-17T14:45:51","guid":{"rendered":"https:\/\/mariswiss.com\/?post_type=product&#038;p=16351"},"modified":"2025-07-11T08:18:30","modified_gmt":"2025-07-11T08:18:30","slug":"gorilla-glue-cbd-indoor","status":"publish","type":"product","link":"https:\/\/mariswiss.com\/sv\/product\/gorilla-glue-cbd-indoor\/","title":{"rendered":"Gorilla lim CBD inomhus"},"content":{"rendered":"<p class=\"thin-font alt-font\"><span style=\"text-decoration: underline;\"><strong>GORILLALIM CBD INOMHUS<\/strong><\/span><\/p>\n<ul>\n<li>Ursprung: Odlas inomhus i Schweiz (kantonen Bern). Perfekt temperatur, luftfuktighet och ljus<\/li>\n<li>Utseende: Magnifika stora blommor, fulla av orange och vita pistiller. Kompakta, ljusgr\u00f6na blommor.<\/li>\n<li>Doft\/smak: En behaglig doft av citrus n\u00e4r p\u00e5sen \u00f6ppnas. En uttalad smak n\u00e4r den konsumeras.<\/li>\n<li>CBD-inneh\u00e5ll \/ effekter: en ganska kraftfull blomma med 17% CBD, det kommer s\u00e4kert att slappna av dig till slut.<\/li>\n<\/ul>","protected":false},"excerpt":{"rendered":"<p><span style=\"text-decoration: underline;\"><strong>GORILLALIM CBD INOMHUS<\/strong><\/span><\/p>\n<ul>\n<li>Ursprung: Odlas inomhus i Schweiz (kantonen Bern). Perfekt temperatur, luftfuktighet och ljus<\/li>\n<li>Utseende: Magnifika stora blommor, fulla av orange och vita pistiller. Kompakta, ljusgr\u00f6na blommor.<\/li>\n<li>Doft\/smak: En behaglig doft av citrus n\u00e4r p\u00e5sen \u00f6ppnas. En uttalad smak n\u00e4r den konsumeras.<\/li>\n<li>CBD-inneh\u00e5ll \/ effekter: en ganska kraftfull blomma med 17% CBD, det kommer s\u00e4kert att slappna av dig till slut.<\/li>\n<\/ul>","protected":false},"featured_media":20087,"comment_status":"open","ping_status":"closed","template":"","meta":{"inline_featured_image":false},"product_cat":[353,354],"product_tag":[220,76],"class_list":{"0":"post-16351","1":"product","2":"type-product","3":"status-publish","4":"has-post-thumbnail","6":"product_brand-mari-swiss","7":"product_cat-fleurs-de-cbd","8":"product_cat-indoor","9":"product_tag-fleurs-cbd","10":"product_tag-indoor","12":"first","13":"instock","14":"sale","15":"taxable","16":"shipping-taxable","17":"purchasable","18":"product-type-variable"},"jetpack_sharing_enabled":true,"_links":{"self":[{"href":"https:\/\/mariswiss.com\/sv\/wp-json\/wp\/v2\/product\/16351","targetHints":{"allow":["GET"]}}],"collection":[{"href":"https:\/\/mariswiss.com\/sv\/wp-json\/wp\/v2\/product"}],"about":[{"href":"https:\/\/mariswiss.com\/sv\/wp-json\/wp\/v2\/types\/product"}],"replies":[{"embeddable":true,"href":"https:\/\/mariswiss.com\/sv\/wp-json\/wp\/v2\/comments?post=16351"}],"wp:featuredmedia":[{"embeddable":true,"href":"https:\/\/mariswiss.com\/sv\/wp-json\/wp\/v2\/media\/20087"}],"wp:attachment":[{"href":"https:\/\/mariswiss.com\/sv\/wp-json\/wp\/v2\/media?parent=16351"}],"wp:term":[{"taxonomy":"product_cat","embeddable":true,"href":"https:\/\/mariswiss.com\/sv\/wp-json\/wp\/v2\/product_cat?post=16351"},{"taxonomy":"product_tag","embeddable":true,"href":"https:\/\/mariswiss.com\/sv\/wp-json\/wp\/v2\/product_tag?post=16351"}],"curies":[{"name":"wp","href":"https:\/\/api.w.org\/{rel}","templated":true}]}}