{"id":16356,"date":"2023-10-17T14:48:40","date_gmt":"2023-10-17T14:48:40","guid":{"rendered":"https:\/\/mariswiss.com\/?post_type=product&#038;p=16356"},"modified":"2025-07-17T10:22:09","modified_gmt":"2025-07-17T10:22:09","slug":"cheese-cake-cbd-greenhouse","status":"publish","type":"product","link":"https:\/\/mariswiss.com\/sv\/product\/cheese-cake-cbd-greenhouse\/","title":{"rendered":"V\u00e4xthus CBD ostkaka"},"content":{"rendered":"<p><span style=\"text-decoration: underline;\"><strong>OSTKAKA CBD V\u00c4XTHUS<\/strong><\/span><\/p>\n<ul>\n<li>Ursprung: Odlas i Schweiz (kantonen Valais) under glas. Tempererat klimat<\/li>\n<li>Utseende: Stora, m\u00f6rkgr\u00f6na blommor. Mycket luftiga blommor.<\/li>\n<li>Doft\/smak: En ganska jordig doft, typisk f\u00f6r v\u00e4xthusodlade blommor. Vid f\u00f6rbr\u00e4nning uppst\u00e5r en skarp smak i munnen.<\/li>\n<li>CBD-inneh\u00e5ll \/ effekter: 14% av CBD f\u00f6r denna blomma, s\u00e5 inte f\u00f6r h\u00f6gt inneh\u00e5ll f\u00f6r en blomma med uppm\u00e4tt styrka.<\/li>\n<\/ul>","protected":false},"excerpt":{"rendered":"<p><span style=\"text-decoration: underline;\"><strong>OSTKAKA CBD V\u00c4XTHUS<\/strong><\/span><\/p>\n<ul>\n<li>Ursprung: Odlas i Schweiz (kantonen Valais) under glas. Tempererat klimat<\/li>\n<li>Utseende: Stora, m\u00f6rkgr\u00f6na blommor. Mycket luftiga blommor.<\/li>\n<li>Doft\/smak: En ganska jordig doft, typisk f\u00f6r v\u00e4xthusodlade blommor. Vid f\u00f6rbr\u00e4nning uppst\u00e5r en skarp smak i munnen.<\/li>\n<li>CBD-inneh\u00e5ll \/ effekter: 14% av CBD f\u00f6r denna blomma, s\u00e5 inte f\u00f6r h\u00f6gt inneh\u00e5ll f\u00f6r en blomma med uppm\u00e4tt styrka.<\/li>\n<\/ul>","protected":false},"featured_media":16407,"comment_status":"open","ping_status":"closed","template":"","meta":{"inline_featured_image":false},"product_cat":[353,355],"product_tag":[220,227],"class_list":{"0":"post-16356","1":"product","2":"type-product","3":"status-publish","4":"has-post-thumbnail","6":"product_brand-mari-swiss","7":"product_cat-fleurs-de-cbd","8":"product_cat-greenhouse","9":"product_tag-fleurs-cbd","10":"product_tag-greenhouse","12":"first","13":"instock","14":"sale","15":"taxable","16":"shipping-taxable","17":"purchasable","18":"product-type-variable","19":"has-default-attributes"},"jetpack_sharing_enabled":true,"_links":{"self":[{"href":"https:\/\/mariswiss.com\/sv\/wp-json\/wp\/v2\/product\/16356","targetHints":{"allow":["GET"]}}],"collection":[{"href":"https:\/\/mariswiss.com\/sv\/wp-json\/wp\/v2\/product"}],"about":[{"href":"https:\/\/mariswiss.com\/sv\/wp-json\/wp\/v2\/types\/product"}],"replies":[{"embeddable":true,"href":"https:\/\/mariswiss.com\/sv\/wp-json\/wp\/v2\/comments?post=16356"}],"wp:featuredmedia":[{"embeddable":true,"href":"https:\/\/mariswiss.com\/sv\/wp-json\/wp\/v2\/media\/16407"}],"wp:attachment":[{"href":"https:\/\/mariswiss.com\/sv\/wp-json\/wp\/v2\/media?parent=16356"}],"wp:term":[{"taxonomy":"product_cat","embeddable":true,"href":"https:\/\/mariswiss.com\/sv\/wp-json\/wp\/v2\/product_cat?post=16356"},{"taxonomy":"product_tag","embeddable":true,"href":"https:\/\/mariswiss.com\/sv\/wp-json\/wp\/v2\/product_tag?post=16356"}],"curies":[{"name":"wp","href":"https:\/\/api.w.org\/{rel}","templated":true}]}}