{"id":16424,"date":"2023-10-24T14:51:57","date_gmt":"2023-10-24T14:51:57","guid":{"rendered":"https:\/\/mariswiss.com\/?post_type=product&#038;p=16424"},"modified":"2025-07-17T10:21:47","modified_gmt":"2025-07-17T10:21:47","slug":"banana-berry-cbd-indoor","status":"publish","type":"product","link":"https:\/\/mariswiss.com\/sv\/product\/banana-berry-cbd-indoor\/","title":{"rendered":"Banan Berry CBD inomhus"},"content":{"rendered":"<p><span style=\"text-decoration: underline;\"><strong>BANANA BERRY CBD INOMHUS<\/strong><\/span><\/p>\n<ul>\n<li>Ursprung: Odlas inomhus i Schweiz. Odlingsf\u00f6rh\u00e5llandena \u00e4r d\u00e4rf\u00f6r perfekta (luftfuktighet, v\u00e4rme, ljus etc.).<\/li>\n<li>Utseende: Stora, ljusgr\u00f6na knoppar. Blommorna \u00e4r ganska luftiga och inte alltf\u00f6r kompakta.<\/li>\n<li>Doft\/smak: En typisk fruktig, tr\u00e4ig doft av sorten Harlequin. Vid konsumtion k\u00e4nns en s\u00f6t smak i munnen.<\/li>\n<li>CBD-inneh\u00e5ll \/ effekter: 17% av CBD f\u00f6r denna blomma, s\u00e5 det \u00e4r en ganska stark blomma som s\u00e4kert hj\u00e4lper dig att slappna av.<\/li>\n<\/ul>","protected":false},"excerpt":{"rendered":"<p><span style=\"text-decoration: underline;\"><strong>BANANA BERRY CBD INOMHUS<\/strong><\/span><\/p>\n<ul>\n<li>Ursprung: Odlas inomhus i Schweiz. Odlingsf\u00f6rh\u00e5llandena \u00e4r d\u00e4rf\u00f6r perfekta (luftfuktighet, v\u00e4rme, ljus etc.).<\/li>\n<li>Utseende: Stora, ljusgr\u00f6na knoppar. Blommorna \u00e4r ganska luftiga och inte alltf\u00f6r kompakta.<\/li>\n<li>Doft\/smak: En typisk fruktig, tr\u00e4ig doft av sorten Harlequin. Vid konsumtion k\u00e4nns en s\u00f6t smak i munnen.<\/li>\n<li>CBD-inneh\u00e5ll \/ effekter: 17% av CBD f\u00f6r denna blomma, s\u00e5 det \u00e4r en ganska stark blomma som s\u00e4kert hj\u00e4lper dig att slappna av.<\/li>\n<\/ul>","protected":false},"featured_media":16429,"comment_status":"open","ping_status":"closed","template":"","meta":{"inline_featured_image":false},"product_cat":[353,354],"product_tag":[220,76],"class_list":{"0":"post-16424","1":"product","2":"type-product","3":"status-publish","4":"has-post-thumbnail","6":"product_brand-mari-swiss","7":"product_cat-fleurs-de-cbd","8":"product_cat-indoor","9":"product_tag-fleurs-cbd","10":"product_tag-indoor","12":"first","13":"instock","14":"sale","15":"taxable","16":"shipping-taxable","17":"purchasable","18":"product-type-variable","19":"has-default-attributes"},"jetpack_sharing_enabled":true,"_links":{"self":[{"href":"https:\/\/mariswiss.com\/sv\/wp-json\/wp\/v2\/product\/16424","targetHints":{"allow":["GET"]}}],"collection":[{"href":"https:\/\/mariswiss.com\/sv\/wp-json\/wp\/v2\/product"}],"about":[{"href":"https:\/\/mariswiss.com\/sv\/wp-json\/wp\/v2\/types\/product"}],"replies":[{"embeddable":true,"href":"https:\/\/mariswiss.com\/sv\/wp-json\/wp\/v2\/comments?post=16424"}],"wp:featuredmedia":[{"embeddable":true,"href":"https:\/\/mariswiss.com\/sv\/wp-json\/wp\/v2\/media\/16429"}],"wp:attachment":[{"href":"https:\/\/mariswiss.com\/sv\/wp-json\/wp\/v2\/media?parent=16424"}],"wp:term":[{"taxonomy":"product_cat","embeddable":true,"href":"https:\/\/mariswiss.com\/sv\/wp-json\/wp\/v2\/product_cat?post=16424"},{"taxonomy":"product_tag","embeddable":true,"href":"https:\/\/mariswiss.com\/sv\/wp-json\/wp\/v2\/product_tag?post=16424"}],"curies":[{"name":"wp","href":"https:\/\/api.w.org\/{rel}","templated":true}]}}