{"id":16436,"date":"2023-10-24T15:03:16","date_gmt":"2023-10-24T15:03:16","guid":{"rendered":"https:\/\/mariswiss.com\/?post_type=product&#038;p=16436"},"modified":"2025-07-11T08:17:56","modified_gmt":"2025-07-11T08:17:56","slug":"strawberry-cbd-greenhouse","status":"publish","type":"product","link":"https:\/\/mariswiss.com\/sv\/product\/strawberry-cbd-greenhouse\/","title":{"rendered":"Jordgubbar CBD V\u00e4xthus"},"content":{"rendered":"<p><span style=\"text-decoration: underline;\"><strong>CBD-V\u00c4XTHUS MED JORDGUBBAR<\/strong><\/span><\/p>\n<ul>\n<li>Ursprung: Odlas i Schweiz (kantonen Valais) under glas. Tempererat klimat, perfekt f\u00f6r odling av blommor.<\/li>\n<li>Utseende: Stora, m\u00f6rkgr\u00f6na, kompakta blommor med sm\u00e5 orangef\u00e4rgade trichomer som sticker ut.<\/li>\n<li>Doft\/smak: Som namnet antyder, en blomma med en s\u00f6t jordgubbsdoft. Vid f\u00f6rbr\u00e4nning framtr\u00e4der fruktiga och tr\u00e4iga toner.<\/li>\n<li>CBD-inneh\u00e5ll \/ effekter: 14% av CBD f\u00f6r denna blomma. Inte f\u00f6r kraftfull, perfekt f\u00f6r b\u00e5de dagtid och kv\u00e4llskonsumtion.<\/li>\n<\/ul>","protected":false},"excerpt":{"rendered":"<p><span style=\"text-decoration: underline;\"><strong>CBD-V\u00c4XTHUS MED JORDGUBBAR<\/strong><\/span><\/p>\n<ul>\n<li>Ursprung: Odlas i Schweiz (kantonen Valais) under glas. Tempererat klimat<\/li>\n<li>Utseende: Stora, m\u00f6rkgr\u00f6na, kompakta blommor med framtr\u00e4dande orange trichomer.<\/li>\n<li>Doft\/smak: Som namnet antyder, en s\u00f6t jordgubbsdoft. N\u00e4r den brinner framtr\u00e4der fruktiga och tr\u00e4iga toner.<\/li>\n<li>CBD-inneh\u00e5ll \/ effekter: 15% av CBD f\u00f6r denna blomma, en relativt uppm\u00e4tt styrka som s\u00e4kerst\u00e4ller en l\u00e4tt avkoppling.<\/li>\n<\/ul>","protected":false},"featured_media":16441,"comment_status":"open","ping_status":"closed","template":"","meta":{"inline_featured_image":false},"product_cat":[353,355],"product_tag":[220,227],"class_list":{"0":"post-16436","1":"product","2":"type-product","3":"status-publish","4":"has-post-thumbnail","6":"product_brand-mari-swiss","7":"product_cat-fleurs-de-cbd","8":"product_cat-greenhouse","9":"product_tag-fleurs-cbd","10":"product_tag-greenhouse","12":"first","13":"instock","14":"sale","15":"taxable","16":"shipping-taxable","17":"purchasable","18":"product-type-variable"},"jetpack_sharing_enabled":true,"_links":{"self":[{"href":"https:\/\/mariswiss.com\/sv\/wp-json\/wp\/v2\/product\/16436","targetHints":{"allow":["GET"]}}],"collection":[{"href":"https:\/\/mariswiss.com\/sv\/wp-json\/wp\/v2\/product"}],"about":[{"href":"https:\/\/mariswiss.com\/sv\/wp-json\/wp\/v2\/types\/product"}],"replies":[{"embeddable":true,"href":"https:\/\/mariswiss.com\/sv\/wp-json\/wp\/v2\/comments?post=16436"}],"wp:featuredmedia":[{"embeddable":true,"href":"https:\/\/mariswiss.com\/sv\/wp-json\/wp\/v2\/media\/16441"}],"wp:attachment":[{"href":"https:\/\/mariswiss.com\/sv\/wp-json\/wp\/v2\/media?parent=16436"}],"wp:term":[{"taxonomy":"product_cat","embeddable":true,"href":"https:\/\/mariswiss.com\/sv\/wp-json\/wp\/v2\/product_cat?post=16436"},{"taxonomy":"product_tag","embeddable":true,"href":"https:\/\/mariswiss.com\/sv\/wp-json\/wp\/v2\/product_tag?post=16436"}],"curies":[{"name":"wp","href":"https:\/\/api.w.org\/{rel}","templated":true}]}}