{"id":16442,"date":"2023-10-31T08:12:12","date_gmt":"2023-10-31T08:12:12","guid":{"rendered":"https:\/\/mariswiss.com\/?post_type=product&#038;p=16442"},"modified":"2025-07-11T08:17:55","modified_gmt":"2025-07-11T08:17:55","slug":"queen-purple-cbd-greenhouse-copy","status":"publish","type":"product","link":"https:\/\/mariswiss.com\/sv\/product\/queen-purple-cbd-greenhouse-copy\/","title":{"rendered":"Drottning Purple CBD V\u00e4xthus"},"content":{"rendered":"<p><span style=\"text-decoration: underline;\"><strong>QUEEN PURPLE CBD V\u00c4XTHUS<\/strong><\/span><\/p>\n<ul>\n<li>Ursprung: Odlas i Schweiz (kantonen Valais) under glas. Tempererat klimat, perfekt f\u00f6r odling av blommor.<\/li>\n<li>Utseende: Stora, m\u00f6rkgr\u00f6na blommor med vackra lila inslag.<\/li>\n<li>Doft\/smak: En ganska blommig och fruktig doft n\u00e4r p\u00e5sen \u00f6ppnas. N\u00e4r den konsumeras har den en behagligt s\u00f6t smak.<\/li>\n<li>CBD-inneh\u00e5ll \/ effekter: 16% av CBD f\u00f6r denna blomma. Inte f\u00f6r kraftfull, perfekt f\u00f6r b\u00e5de dagtid och kv\u00e4llskonsumtion.<\/li>\n<\/ul>","protected":false},"excerpt":{"rendered":"<p><span style=\"text-decoration: underline;\"><strong>QUEEN PURPLE CBD V\u00c4XTHUS<\/strong><\/span><\/p>\n<ul>\n<li>Ursprung: Odlas i Schweiz (kantonen Valais) under glas. Tempererat klimat<\/li>\n<li>Utseende: Stora, m\u00f6rkgr\u00f6na blommor med vackra lila inslag.<\/li>\n<li>Doft\/smak: Mycket blommig, fruktig doft. Vid f\u00f6rbr\u00e4nning k\u00e4nner man igen en mjuk, s\u00f6t blomma.<\/li>\n<li>CBD-inneh\u00e5ll \/ effekter: 16% av CBD f\u00f6r denna blomma, en relativt uppm\u00e4tt styrka som s\u00e4kerst\u00e4ller en l\u00e4tt avkoppling.<\/li>\n<\/ul>","protected":false},"featured_media":16447,"comment_status":"open","ping_status":"closed","template":"","meta":{"inline_featured_image":false},"product_cat":[353,355],"product_tag":[220,227],"class_list":{"0":"post-16442","1":"product","2":"type-product","3":"status-publish","4":"has-post-thumbnail","6":"product_brand-mari-swiss","7":"product_cat-fleurs-de-cbd","8":"product_cat-greenhouse","9":"product_tag-fleurs-cbd","10":"product_tag-greenhouse","12":"first","13":"outofstock","14":"sale","15":"taxable","16":"shipping-taxable","17":"purchasable","18":"product-type-variable"},"jetpack_sharing_enabled":true,"_links":{"self":[{"href":"https:\/\/mariswiss.com\/sv\/wp-json\/wp\/v2\/product\/16442","targetHints":{"allow":["GET"]}}],"collection":[{"href":"https:\/\/mariswiss.com\/sv\/wp-json\/wp\/v2\/product"}],"about":[{"href":"https:\/\/mariswiss.com\/sv\/wp-json\/wp\/v2\/types\/product"}],"replies":[{"embeddable":true,"href":"https:\/\/mariswiss.com\/sv\/wp-json\/wp\/v2\/comments?post=16442"}],"wp:featuredmedia":[{"embeddable":true,"href":"https:\/\/mariswiss.com\/sv\/wp-json\/wp\/v2\/media\/16447"}],"wp:attachment":[{"href":"https:\/\/mariswiss.com\/sv\/wp-json\/wp\/v2\/media?parent=16442"}],"wp:term":[{"taxonomy":"product_cat","embeddable":true,"href":"https:\/\/mariswiss.com\/sv\/wp-json\/wp\/v2\/product_cat?post=16442"},{"taxonomy":"product_tag","embeddable":true,"href":"https:\/\/mariswiss.com\/sv\/wp-json\/wp\/v2\/product_tag?post=16442"}],"curies":[{"name":"wp","href":"https:\/\/api.w.org\/{rel}","templated":true}]}}