{"id":16448,"date":"2023-10-31T08:18:07","date_gmt":"2023-10-31T08:18:07","guid":{"rendered":"https:\/\/mariswiss.com\/?post_type=product&#038;p=16448"},"modified":"2026-03-15T20:35:07","modified_gmt":"2026-03-15T20:35:07","slug":"blueberry-mini-buds-cbd-indoor","status":"publish","type":"product","link":"https:\/\/mariswiss.com\/sv\/product\/blueberry-mini-buds-cbd-indoor\/","title":{"rendered":"Bl\u00e5b\u00e4r mini knoppar CBD inomhus"},"content":{"rendered":"<p><span style=\"text-decoration: underline;\"><strong>BL\u00c5B\u00c4R MINI KNOPPAR CBD INOMHUS<\/strong><\/span><\/p>\n<ul>\n<li>Ursprung: Odlad i Schweiz och odlad inomhus. Optimala f\u00f6rh\u00e5llanden (luftfuktighet, v\u00e4rme, ljus).<\/li>\n<li>Utseende: Sm\u00e5, popcornstora blommor, kompakta och klara, med sm\u00e5 f\u00e4rgade inslag p\u00e5 grund av pistillerna som finns p\u00e5 blommorna.<\/li>\n<li>Doft\/smak: En fruktig doft som \u00e4r typisk f\u00f6r bl\u00e5b\u00e4rssorten n\u00e4r p\u00e5sen \u00f6ppnas. N\u00e4r du konsumerar kommer du att smaka en behaglig s\u00f6tma.<\/li>\n<li>CBD-inneh\u00e5ll \/ effekter: 16% av CBD f\u00f6r denna blomma. Inte f\u00f6r kraftfull, perfekt f\u00f6r b\u00e5de dagtid och kv\u00e4llskonsumtion.<\/li>\n<\/ul>","protected":false},"excerpt":{"rendered":"<p><span style=\"text-decoration: underline;\"><strong>BL\u00c5B\u00c4R MINI KNOPPAR CBD INOMHUS<\/strong><\/span><\/p>\n<ul>\n<li>Ursprung: Odlas inomhus i Schweiz under optimala f\u00f6rh\u00e5llanden (luftfuktighet, v\u00e4rme, ljus, temperatur).<\/li>\n<li>Utseende: En samling sm\u00e5 blommor av popcorn-typ. Ljusgr\u00f6n, med vackra f\u00e4rgade inslag p\u00e5 grund av pistillerna p\u00e5 blomman.<\/li>\n<li>Doft\/smak: En fruktig doft som \u00e4r typisk f\u00f6r bl\u00e5b\u00e4rssorten. Mycket l\u00e4tt att \u00e4ta, med en fruktig eftersmak (bl\u00e5b\u00e4r, r\u00f6d frukt).<\/li>\n<li>CBD-inneh\u00e5ll \/ effekter: 16% av CBD f\u00f6r denna blomma, en relativt uppm\u00e4tt styrka som s\u00e4kerst\u00e4ller en l\u00e4tt avkoppling. Det kan tas n\u00e4r som helst p\u00e5 dagen.<\/li>\n<\/ul>","protected":false},"featured_media":16453,"comment_status":"open","ping_status":"closed","template":"","meta":{"inline_featured_image":false},"product_cat":[353,354,407],"product_tag":[220,76],"class_list":{"0":"post-16448","1":"product","2":"type-product","3":"status-publish","4":"has-post-thumbnail","6":"product_brand-mari-swiss","7":"product_cat-fleurs-de-cbd","8":"product_cat-indoor","9":"product_cat-mini-buds","10":"product_tag-fleurs-cbd","11":"product_tag-indoor","13":"first","14":"instock","15":"sale","16":"taxable","17":"shipping-taxable","18":"purchasable","19":"product-type-variable"},"jetpack_sharing_enabled":true,"_links":{"self":[{"href":"https:\/\/mariswiss.com\/sv\/wp-json\/wp\/v2\/product\/16448","targetHints":{"allow":["GET"]}}],"collection":[{"href":"https:\/\/mariswiss.com\/sv\/wp-json\/wp\/v2\/product"}],"about":[{"href":"https:\/\/mariswiss.com\/sv\/wp-json\/wp\/v2\/types\/product"}],"replies":[{"embeddable":true,"href":"https:\/\/mariswiss.com\/sv\/wp-json\/wp\/v2\/comments?post=16448"}],"wp:featuredmedia":[{"embeddable":true,"href":"https:\/\/mariswiss.com\/sv\/wp-json\/wp\/v2\/media\/16453"}],"wp:attachment":[{"href":"https:\/\/mariswiss.com\/sv\/wp-json\/wp\/v2\/media?parent=16448"}],"wp:term":[{"taxonomy":"product_cat","embeddable":true,"href":"https:\/\/mariswiss.com\/sv\/wp-json\/wp\/v2\/product_cat?post=16448"},{"taxonomy":"product_tag","embeddable":true,"href":"https:\/\/mariswiss.com\/sv\/wp-json\/wp\/v2\/product_tag?post=16448"}],"curies":[{"name":"wp","href":"https:\/\/api.w.org\/{rel}","templated":true}]}}