{"id":16454,"date":"2023-10-31T08:27:23","date_gmt":"2023-10-31T08:27:23","guid":{"rendered":"https:\/\/mariswiss.com\/?post_type=product&#038;p=16454"},"modified":"2026-04-09T19:04:25","modified_gmt":"2026-04-09T19:04:25","slug":"charlotte-web-cbd-indoor","status":"publish","type":"product","link":"https:\/\/mariswiss.com\/sv\/product\/charlotte-web-cbd-indoor\/","title":{"rendered":"Charlotte's web CBD inomhus"},"content":{"rendered":"<p><span style=\"text-decoration: underline;\"><strong>CHARLOTTE'S WEB CBD INOMHUS<\/strong><\/span><\/p>\n<ul>\n<li>Ursprung: Odlad i Schweiz och odlad inomhus. Optimala f\u00f6rh\u00e5llanden (luftfuktighet, v\u00e4rme, ljus).<\/li>\n<li>Utseende: Sm\u00e5, popcornstora blommor, kompakta och klara, omgivna av pollen. N\u00e5got fuktiga blommor.<\/li>\n<li>Doft\/smak: En tr\u00e4ig doft n\u00e4r p\u00e5sen \u00f6ppnas. Vid f\u00f6rbr\u00e4nning \u00e4r doften ganska pepprig och kraftig, och smaken \u00e4r mycket n\u00e4rvarande.<\/li>\n<li>CBD-inneh\u00e5ll \/ effekter: 16% av CBD f\u00f6r denna blomma. Inte f\u00f6r kraftfull, perfekt f\u00f6r b\u00e5de dagtid och kv\u00e4llskonsumtion.<\/li>\n<\/ul>","protected":false},"excerpt":{"rendered":"<p><span style=\"text-decoration: underline;\"><strong>CHARLOTTE'S WEB CBD INOMHUS<\/strong><\/span><\/p>\n<ul>\n<li>Ursprung: Odlas inomhus i Schweiz under optimala f\u00f6rh\u00e5llanden (luftfuktighet, v\u00e4rme, ljus, temperatur).<\/li>\n<li>Utseende: Ett sortiment av sm\u00e5 popcornliknande blommor. Ljusgr\u00f6na med mycket pollen n\u00e4rvarande. En ganska l\u00e4tt fuktig blomma.<\/li>\n<li>Doft\/smak: En tr\u00e4ig doft n\u00e4r p\u00e5sen \u00f6ppnas. Vid f\u00f6rbr\u00e4nning \u00e4r doften ganska pepprig och kraftig, och smaken \u00e4r mycket n\u00e4rvarande.<\/li>\n<li>CBD-inneh\u00e5ll \/ effekter: 16% av CBD f\u00f6r denna blomma, en relativt uppm\u00e4tt styrka som s\u00e4kerst\u00e4ller en l\u00e4tt avkoppling. Det kan tas n\u00e4r som helst p\u00e5 dagen.<\/li>\n<\/ul>","protected":false},"featured_media":16459,"comment_status":"open","ping_status":"closed","template":"","meta":{"inline_featured_image":false},"product_cat":[353,354,407],"product_tag":[220,76],"class_list":{"0":"post-16454","1":"product","2":"type-product","3":"status-publish","4":"has-post-thumbnail","6":"product_brand-mari-swiss","7":"product_cat-fleurs-de-cbd","8":"product_cat-indoor","9":"product_cat-mini-buds","10":"product_tag-fleurs-cbd","11":"product_tag-indoor","13":"first","14":"instock","15":"sale","16":"taxable","17":"shipping-taxable","18":"purchasable","19":"product-type-variable"},"jetpack_sharing_enabled":true,"_links":{"self":[{"href":"https:\/\/mariswiss.com\/sv\/wp-json\/wp\/v2\/product\/16454","targetHints":{"allow":["GET"]}}],"collection":[{"href":"https:\/\/mariswiss.com\/sv\/wp-json\/wp\/v2\/product"}],"about":[{"href":"https:\/\/mariswiss.com\/sv\/wp-json\/wp\/v2\/types\/product"}],"replies":[{"embeddable":true,"href":"https:\/\/mariswiss.com\/sv\/wp-json\/wp\/v2\/comments?post=16454"}],"wp:featuredmedia":[{"embeddable":true,"href":"https:\/\/mariswiss.com\/sv\/wp-json\/wp\/v2\/media\/16459"}],"wp:attachment":[{"href":"https:\/\/mariswiss.com\/sv\/wp-json\/wp\/v2\/media?parent=16454"}],"wp:term":[{"taxonomy":"product_cat","embeddable":true,"href":"https:\/\/mariswiss.com\/sv\/wp-json\/wp\/v2\/product_cat?post=16454"},{"taxonomy":"product_tag","embeddable":true,"href":"https:\/\/mariswiss.com\/sv\/wp-json\/wp\/v2\/product_tag?post=16454"}],"curies":[{"name":"wp","href":"https:\/\/api.w.org\/{rel}","templated":true}]}}