{"id":16475,"date":"2023-10-31T09:02:01","date_gmt":"2023-10-31T09:02:01","guid":{"rendered":"https:\/\/mariswiss.com\/?post_type=product&#038;p=16475"},"modified":"2025-07-17T10:20:04","modified_gmt":"2025-07-17T10:20:04","slug":"blueberry-muffin-cbd-indoor","status":"publish","type":"product","link":"https:\/\/mariswiss.com\/sv\/product\/blueberry-muffin-cbd-indoor\/","title":{"rendered":"Bl\u00e5b\u00e4rsmuffin CBD inomhus"},"content":{"rendered":"<p><span style=\"text-decoration: underline;\"><strong>BL\u00c5B\u00c4RSMUFFINS CBD INOMHUS<\/strong><\/span><\/p>\n<ul>\n<li>Ursprung: Odlas inomhus i Schweiz. Odlingsf\u00f6rh\u00e5llandena \u00e4r d\u00e4rf\u00f6r perfekta (luftfuktighet, v\u00e4rme, ljus etc.).<\/li>\n<li>Utseende: Stora, ljusgr\u00f6na knoppar. Blommorna \u00e4r kompakta och fyllda med orange trichomer, typiska f\u00f6r Blueberry-genetik.<\/li>\n<li>Doft \/ smak: En mycket doftande, fruktig, tr\u00e4ig blomma. N\u00e4r den konsumeras kommer en s\u00f6t smak att k\u00e4nnas i munnen.<\/li>\n<li>CBD-inneh\u00e5ll \/ effekter: 18% av CBD f\u00f6r denna blomma, s\u00e5 det \u00e4r en ganska stark blomma som s\u00e4kert hj\u00e4lper dig att slappna av.<\/li>\n<\/ul>","protected":false},"excerpt":{"rendered":"<p><span style=\"text-decoration: underline;\"><strong>BL\u00c5B\u00c4RSMUFFINS CBD INOMHUS<\/strong><\/span><\/p>\n<ul>\n<li>Ursprung: Odlas inomhus i Schweiz. Odlingsf\u00f6rh\u00e5llandena \u00e4r d\u00e4rf\u00f6r perfekta (luftfuktighet, v\u00e4rme, ljus etc.).<\/li>\n<li>Utseende: Stora, ljusgr\u00f6na knoppar. Blommorna \u00e4r kompakta och fyllda med orange trichomer, typiska f\u00f6r Blueberry-genetik.<\/li>\n<li>Doft \/ smak: En mycket doftande, fruktig, tr\u00e4ig blomma. N\u00e4r den konsumeras kommer en s\u00f6t smak att k\u00e4nnas i munnen.<\/li>\n<li>CBD-inneh\u00e5ll \/ effekter: 18% av CBD f\u00f6r denna blomma, s\u00e5 det \u00e4r en ganska stark blomma som s\u00e4kert hj\u00e4lper dig att slappna av.<\/li>\n<\/ul>","protected":false},"featured_media":16480,"comment_status":"open","ping_status":"closed","template":"","meta":{"inline_featured_image":false},"product_cat":[353,354],"product_tag":[220,76],"class_list":{"0":"post-16475","1":"product","2":"type-product","3":"status-publish","4":"has-post-thumbnail","6":"product_brand-mari-swiss","7":"product_cat-fleurs-de-cbd","8":"product_cat-indoor","9":"product_tag-fleurs-cbd","10":"product_tag-indoor","12":"first","13":"instock","14":"sale","15":"taxable","16":"shipping-taxable","17":"purchasable","18":"product-type-variable"},"jetpack_sharing_enabled":true,"_links":{"self":[{"href":"https:\/\/mariswiss.com\/sv\/wp-json\/wp\/v2\/product\/16475","targetHints":{"allow":["GET"]}}],"collection":[{"href":"https:\/\/mariswiss.com\/sv\/wp-json\/wp\/v2\/product"}],"about":[{"href":"https:\/\/mariswiss.com\/sv\/wp-json\/wp\/v2\/types\/product"}],"replies":[{"embeddable":true,"href":"https:\/\/mariswiss.com\/sv\/wp-json\/wp\/v2\/comments?post=16475"}],"wp:featuredmedia":[{"embeddable":true,"href":"https:\/\/mariswiss.com\/sv\/wp-json\/wp\/v2\/media\/16480"}],"wp:attachment":[{"href":"https:\/\/mariswiss.com\/sv\/wp-json\/wp\/v2\/media?parent=16475"}],"wp:term":[{"taxonomy":"product_cat","embeddable":true,"href":"https:\/\/mariswiss.com\/sv\/wp-json\/wp\/v2\/product_cat?post=16475"},{"taxonomy":"product_tag","embeddable":true,"href":"https:\/\/mariswiss.com\/sv\/wp-json\/wp\/v2\/product_tag?post=16475"}],"curies":[{"name":"wp","href":"https:\/\/api.w.org\/{rel}","templated":true}]}}