{"id":16529,"date":"2023-11-03T15:05:33","date_gmt":"2023-11-03T15:05:33","guid":{"rendered":"https:\/\/mariswiss.com\/?post_type=product&#038;p=16529"},"modified":"2025-07-11T08:17:44","modified_gmt":"2025-07-11T08:17:44","slug":"black-caramello-hash","status":"publish","type":"product","link":"https:\/\/mariswiss.com\/sv\/product\/black-caramello-hash\/","title":{"rendered":"Svart Caramello Hasch CBD"},"content":{"rendered":"<p><span style=\"text-decoration: underline;\"><strong>HASCH AV SVART KARAMELL<\/strong><\/span><\/p>\n<ul>\n<li>Ursprung: Framst\u00e4lld i Schweiz i v\u00e5rt odlingslaboratorium, av blommor som odlats inomhus.<\/li>\n<li>Utseende: Det \u00e4r en m\u00f6rkbrun, mjuk harts som \u00e4r superl\u00e4tt att anv\u00e4nda.<\/li>\n<li>Lukt\/smak: En mycket originell pepprig lukt som skiljer sig fr\u00e5n andra hasch. N\u00e4r den konsumeras har den en n\u00e5got kryddig smak.<\/li>\n<li>CBD-inneh\u00e5ll \/ effekter: 25% av CBD. Detta \u00e4r en kraftfull hash som kommer att slappna av dig precis som du beh\u00f6ver det.<\/li>\n<\/ul>","protected":false},"excerpt":{"rendered":"<p><span style=\"text-decoration: underline;\"><strong>HASCH AV SVART KARAMELL<\/strong><\/span><\/p>\n<ul>\n<li class=\"lead\">Ursprung: Framst\u00e4lld i Schweiz i v\u00e5rt odlingslaboratorium, av blommor som odlats inomhus.<\/li>\n<li class=\"lead\">Utseende: Det \u00e4r en m\u00f6rkbrun, mjuk harts som \u00e4r superl\u00e4tt att anv\u00e4nda.<\/li>\n<li class=\"lead\">Lukt\/smak: En mycket originell pepprig lukt som skiljer sig fr\u00e5n andra hasch. N\u00e4r den konsumeras har den en n\u00e5got kryddig smak.<\/li>\n<li class=\"lead\">CBD-inneh\u00e5ll \/ effekter: 25% av CBD. Detta \u00e4r en kraftfull hash som kommer att slappna av dig precis som du beh\u00f6ver det.<\/li>\n<li style=\"list-style-type: none;\"><\/li>\n<\/ul>","protected":false},"featured_media":16534,"comment_status":"open","ping_status":"closed","template":"","meta":{"inline_featured_image":false},"product_cat":[357],"product_tag":[244,76],"class_list":{"0":"post-16529","1":"product","2":"type-product","3":"status-publish","4":"has-post-thumbnail","6":"product_brand-mari-swiss","7":"product_cat-resines-de-cbd","8":"product_tag-hash","9":"product_tag-indoor","11":"first","12":"instock","13":"sale","14":"taxable","15":"shipping-taxable","16":"purchasable","17":"product-type-variable"},"jetpack_sharing_enabled":true,"_links":{"self":[{"href":"https:\/\/mariswiss.com\/sv\/wp-json\/wp\/v2\/product\/16529","targetHints":{"allow":["GET"]}}],"collection":[{"href":"https:\/\/mariswiss.com\/sv\/wp-json\/wp\/v2\/product"}],"about":[{"href":"https:\/\/mariswiss.com\/sv\/wp-json\/wp\/v2\/types\/product"}],"replies":[{"embeddable":true,"href":"https:\/\/mariswiss.com\/sv\/wp-json\/wp\/v2\/comments?post=16529"}],"wp:featuredmedia":[{"embeddable":true,"href":"https:\/\/mariswiss.com\/sv\/wp-json\/wp\/v2\/media\/16534"}],"wp:attachment":[{"href":"https:\/\/mariswiss.com\/sv\/wp-json\/wp\/v2\/media?parent=16529"}],"wp:term":[{"taxonomy":"product_cat","embeddable":true,"href":"https:\/\/mariswiss.com\/sv\/wp-json\/wp\/v2\/product_cat?post=16529"},{"taxonomy":"product_tag","embeddable":true,"href":"https:\/\/mariswiss.com\/sv\/wp-json\/wp\/v2\/product_tag?post=16529"}],"curies":[{"name":"wp","href":"https:\/\/api.w.org\/{rel}","templated":true}]}}