{"id":16541,"date":"2023-11-03T15:21:18","date_gmt":"2023-11-03T15:21:18","guid":{"rendered":"https:\/\/mariswiss.com\/?post_type=product&#038;p=16541"},"modified":"2025-07-17T10:15:39","modified_gmt":"2025-07-17T10:15:39","slug":"gold-nepal-pollen","status":"publish","type":"product","link":"https:\/\/mariswiss.com\/sv\/product\/gold-nepal-pollen\/","title":{"rendered":"Guld Nepal Pollen CBD"},"content":{"rendered":"<p><span style=\"text-decoration: underline;\"><strong>GULD NEPAL POLLEN<\/strong><\/span><\/p>\n<ul>\n<li>Ursprung: Framst\u00e4lld i Schweiz i v\u00e5rt odlingslaboratorium, av blommor som odlats inomhus.<\/li>\n<li>Utseende: Som namnet antyder, en vacker gyllene harts, kompakt, fuktig och mycket l\u00e4tt att anv\u00e4nda.<\/li>\n<li>Doft \/ smak: En ganska s\u00f6t doft, \u00e4ven n\u00e4r den konsumeras.<\/li>\n<li>CBD-inneh\u00e5ll \/ effekter: 22% av CBD, en mild pollen som kan konsumeras n\u00e4r som helst p\u00e5 dagen.<\/li>\n<\/ul>","protected":false},"excerpt":{"rendered":"<p><span style=\"text-decoration: underline;\"><strong>GULD NEPAL POLLEN<\/strong><\/span><\/p>\n<ul>\n<li class=\"lead\">Ursprung: Framst\u00e4lld i Schweiz i v\u00e5rt odlingslaboratorium, av blommor som odlats inomhus.<\/li>\n<li class=\"lead\">Utseende: Som namnet antyder, en vacker gyllene harts, kompakt, fuktig och mycket l\u00e4tt att anv\u00e4nda.<\/li>\n<li class=\"lead\">Doft \/ smak: En ganska s\u00f6t doft, \u00e4ven n\u00e4r den konsumeras.<\/li>\n<li class=\"lead\">CBD-inneh\u00e5ll \/ effekter: 22% av CBD, en mild pollen som kan konsumeras n\u00e4r som helst p\u00e5 dagen.<\/li>\n<li style=\"list-style-type: none;\"><\/li>\n<\/ul>","protected":false},"featured_media":16546,"comment_status":"open","ping_status":"closed","template":"","meta":{"inline_featured_image":false},"product_cat":[357],"product_tag":[244,76],"class_list":{"0":"post-16541","1":"product","2":"type-product","3":"status-publish","4":"has-post-thumbnail","6":"product_brand-mari-swiss","7":"product_cat-resines-de-cbd","8":"product_tag-hash","9":"product_tag-indoor","11":"first","12":"instock","13":"sale","14":"taxable","15":"shipping-taxable","16":"purchasable","17":"product-type-variable"},"jetpack_sharing_enabled":true,"_links":{"self":[{"href":"https:\/\/mariswiss.com\/sv\/wp-json\/wp\/v2\/product\/16541","targetHints":{"allow":["GET"]}}],"collection":[{"href":"https:\/\/mariswiss.com\/sv\/wp-json\/wp\/v2\/product"}],"about":[{"href":"https:\/\/mariswiss.com\/sv\/wp-json\/wp\/v2\/types\/product"}],"replies":[{"embeddable":true,"href":"https:\/\/mariswiss.com\/sv\/wp-json\/wp\/v2\/comments?post=16541"}],"wp:featuredmedia":[{"embeddable":true,"href":"https:\/\/mariswiss.com\/sv\/wp-json\/wp\/v2\/media\/16546"}],"wp:attachment":[{"href":"https:\/\/mariswiss.com\/sv\/wp-json\/wp\/v2\/media?parent=16541"}],"wp:term":[{"taxonomy":"product_cat","embeddable":true,"href":"https:\/\/mariswiss.com\/sv\/wp-json\/wp\/v2\/product_cat?post=16541"},{"taxonomy":"product_tag","embeddable":true,"href":"https:\/\/mariswiss.com\/sv\/wp-json\/wp\/v2\/product_tag?post=16541"}],"curies":[{"name":"wp","href":"https:\/\/api.w.org\/{rel}","templated":true}]}}