{"id":16553,"date":"2023-11-07T13:39:16","date_gmt":"2023-11-07T13:39:16","guid":{"rendered":"https:\/\/mariswiss.com\/?post_type=product&#038;p=16553"},"modified":"2026-04-17T09:04:13","modified_gmt":"2026-04-17T09:04:13","slug":"hash-king-hassan","status":"publish","type":"product","link":"https:\/\/mariswiss.com\/sv\/product\/hash-king-hassan\/","title":{"rendered":"Haschkungen Hassan CBD"},"content":{"rendered":"<p><span style=\"text-decoration: underline;\"><strong>HASHKUNG HASSAN<\/strong><\/span><\/p>\n<ul>\n<li>Ursprung: Framst\u00e4lld i Schweiz i v\u00e5rt odlingslaboratorium, av blommor som odlats inomhus.<\/li>\n<li>Utseende: m\u00f6rk harts p\u00e5 utsidan, ljusbrun p\u00e5 insidan. Mjuk och l\u00e4tt att anv\u00e4nda<\/li>\n<li>Doft\/smak: En mycket igenk\u00e4nnlig pepprig doft och en kraftig smak vid f\u00f6rt\u00e4ring.<\/li>\n<li>CBD-inneh\u00e5ll \/ effekter: 24% av CBD i denna hash, s\u00e5 att du verkligen kan k\u00e4nna hur avslappnad det \u00e4r.<\/li>\n<\/ul>","protected":false},"excerpt":{"rendered":"<p><span style=\"text-decoration: underline;\"><strong>HASHKUNG HASSAN<\/strong><\/span><\/p>\n<ul>\n<li class=\"lead\">Ursprung: Framst\u00e4lld i Schweiz i v\u00e5rt odlingslaboratorium, av blommor som odlats inomhus.<\/li>\n<li class=\"lead\">Utseende: m\u00f6rk harts p\u00e5 utsidan, ljusbrun p\u00e5 insidan. Mjuk och l\u00e4tt att anv\u00e4nda.<\/li>\n<li class=\"lead\">Doft\/smak: En mycket igenk\u00e4nnlig pepprig doft och en kraftig smak vid f\u00f6rt\u00e4ring.<\/li>\n<li class=\"lead\">CBD-inneh\u00e5ll \/ effekter: 24% av CBD i denna hash, s\u00e5 att du verkligen kan k\u00e4nna hur avslappnad det \u00e4r.<\/li>\n<li style=\"list-style-type: none;\"><\/li>\n<\/ul>","protected":false},"featured_media":16558,"comment_status":"open","ping_status":"closed","template":"","meta":{"inline_featured_image":false},"product_cat":[357],"product_tag":[244,76],"class_list":{"0":"post-16553","1":"product","2":"type-product","3":"status-publish","4":"has-post-thumbnail","6":"product_brand-mari-swiss","7":"product_cat-resines-de-cbd","8":"product_tag-hash","9":"product_tag-indoor","11":"first","12":"instock","13":"sale","14":"taxable","15":"shipping-taxable","16":"purchasable","17":"product-type-variable","18":"has-default-attributes"},"jetpack_sharing_enabled":true,"_links":{"self":[{"href":"https:\/\/mariswiss.com\/sv\/wp-json\/wp\/v2\/product\/16553","targetHints":{"allow":["GET"]}}],"collection":[{"href":"https:\/\/mariswiss.com\/sv\/wp-json\/wp\/v2\/product"}],"about":[{"href":"https:\/\/mariswiss.com\/sv\/wp-json\/wp\/v2\/types\/product"}],"replies":[{"embeddable":true,"href":"https:\/\/mariswiss.com\/sv\/wp-json\/wp\/v2\/comments?post=16553"}],"wp:featuredmedia":[{"embeddable":true,"href":"https:\/\/mariswiss.com\/sv\/wp-json\/wp\/v2\/media\/16558"}],"wp:attachment":[{"href":"https:\/\/mariswiss.com\/sv\/wp-json\/wp\/v2\/media?parent=16553"}],"wp:term":[{"taxonomy":"product_cat","embeddable":true,"href":"https:\/\/mariswiss.com\/sv\/wp-json\/wp\/v2\/product_cat?post=16553"},{"taxonomy":"product_tag","embeddable":true,"href":"https:\/\/mariswiss.com\/sv\/wp-json\/wp\/v2\/product_tag?post=16553"}],"curies":[{"name":"wp","href":"https:\/\/api.w.org\/{rel}","templated":true}]}}