{"id":16628,"date":"2023-11-15T17:20:00","date_gmt":"2023-11-15T17:20:00","guid":{"rendered":"https:\/\/mariswiss.com\/?post_type=product&#038;p=16628"},"modified":"2025-07-11T08:17:34","modified_gmt":"2025-07-11T08:17:34","slug":"manali-hhcpo","status":"publish","type":"product","link":"https:\/\/mariswiss.com\/sv\/product\/manali-hhcpo\/","title":{"rendered":"Manali"},"content":{"rendered":"","protected":false},"excerpt":{"rendered":"<ul>\n<li style=\"list-style-type: none;\"><span style=\"text-decoration: underline;\"><strong>MANALI<\/strong><\/span>\n<ul>\n<li>Ursprung: Odlas med omsorg i den pittoreska kantonen Valais i Schweiz, fr\u00e5n blommor som odlas inomhus.<\/li>\n<li>Utseende: Denna djupsvarta harts tillverkas av noggrant kylda inomhusblommor.<\/li>\n<li>Doft\/smak: Som all god hasch har den en tydlig jordig doft. N\u00e4r den konsumeras avsl\u00f6jar dess smak n\u00e5got s\u00f6ta toner, samtidigt som den erbjuder en uts\u00f6kt j\u00e4mnhet p\u00e5 gommen.<\/li>\n<li>CBD-inneh\u00e5ll \/ effekter: Med en imponerande 20% av CBD + sticker denna hash ut f\u00f6r sin kraft. Vi rekommenderar att du njuter av denna upplevelse p\u00e5 kv\u00e4llen.<\/li>\n<\/ul>\n<\/li>\n<\/ul>","protected":false},"featured_media":17038,"comment_status":"open","ping_status":"closed","template":"","meta":{"inline_featured_image":false},"product_cat":[362,360],"product_tag":[244,76],"class_list":{"0":"post-16628","1":"product","2":"type-product","3":"status-publish","4":"has-post-thumbnail","6":"product_brand-mari-swiss","7":"product_cat-resines-de-thcp","8":"product_cat-thcp","9":"product_tag-hash","10":"product_tag-indoor","12":"first","13":"outofstock","14":"sale","15":"taxable","16":"shipping-taxable","17":"purchasable","18":"product-type-variable"},"jetpack_sharing_enabled":true,"_links":{"self":[{"href":"https:\/\/mariswiss.com\/sv\/wp-json\/wp\/v2\/product\/16628","targetHints":{"allow":["GET"]}}],"collection":[{"href":"https:\/\/mariswiss.com\/sv\/wp-json\/wp\/v2\/product"}],"about":[{"href":"https:\/\/mariswiss.com\/sv\/wp-json\/wp\/v2\/types\/product"}],"replies":[{"embeddable":true,"href":"https:\/\/mariswiss.com\/sv\/wp-json\/wp\/v2\/comments?post=16628"}],"wp:featuredmedia":[{"embeddable":true,"href":"https:\/\/mariswiss.com\/sv\/wp-json\/wp\/v2\/media\/17038"}],"wp:attachment":[{"href":"https:\/\/mariswiss.com\/sv\/wp-json\/wp\/v2\/media?parent=16628"}],"wp:term":[{"taxonomy":"product_cat","embeddable":true,"href":"https:\/\/mariswiss.com\/sv\/wp-json\/wp\/v2\/product_cat?post=16628"},{"taxonomy":"product_tag","embeddable":true,"href":"https:\/\/mariswiss.com\/sv\/wp-json\/wp\/v2\/product_tag?post=16628"}],"curies":[{"name":"wp","href":"https:\/\/api.w.org\/{rel}","templated":true}]}}