{"id":16800,"date":"2023-11-23T15:31:39","date_gmt":"2023-11-23T15:31:39","guid":{"rendered":"https:\/\/mariswiss.com\/?post_type=product&#038;p=16800"},"modified":"2026-02-24T09:42:14","modified_gmt":"2026-02-24T09:42:14","slug":"hash-marocain-hhcpo","status":"publish","type":"product","link":"https:\/\/mariswiss.com\/sv\/product\/hash-marocain-hhcpo\/","title":{"rendered":"Marockanskt hembakat - INOMHUS"},"content":{"rendered":"","protected":false},"excerpt":{"rendered":"<p><strong>MAROCKANSK HASCH - INOMHUS<\/strong><\/p>\n<p>Uppt\u00e4ck eller \u00e5teruppt\u00e4ck <strong>Marockansk hasch<\/strong>Precis som p\u00e5 den gamla goda tiden! Denna klassiker \u00e4r tillbaka med besked, med sina autentiska smaker och garanterade effekt.<\/p>\n<ul>\n<li>Ursprung: Tillverkad med omsorg i den pittoreska kantonen Valais i Schweiz, av blommor som odlats inomhus.<\/li>\n<li>Utseende: Djupsvart harts med en uts\u00f6kt smidig, kr\u00e4mig konsistens som ger en o\u00f6vertr\u00e4ffad anv\u00e4ndarv\u00e4nlighet.<\/li>\n<li>Doft\/smak: Som all god hasch har den en distinkt jordig doft. Den s\u00f6ta smaken fullbordar upplevelsen och ger en subtil och behaglig touch.<\/li>\n<li>Effekter: En anm\u00e4rkningsv\u00e4rd 25%++ av CBD ger denna harts exceptionell styrka. En produkt av h\u00f6gsta kvalitet som tar dig tillbaka till dina r\u00f6tter f\u00f6r en of\u00f6rgl\u00f6mlig avkopplande upplevelse.<\/li>\n<\/ul>","protected":false},"featured_media":19548,"comment_status":"open","ping_status":"closed","template":"","meta":{"inline_featured_image":false},"product_cat":[15,352,357,360,362],"product_tag":[244,76],"class_list":{"0":"post-16800","1":"product","2":"type-product","3":"status-publish","4":"has-post-thumbnail","6":"product_brand-mari-swiss","7":"product_cat-uncategorized","8":"product_cat-cbd","9":"product_cat-resines-de-cbd","10":"product_cat-thcp","11":"product_cat-resines-de-thcp","12":"product_tag-hash","13":"product_tag-indoor","15":"first","16":"instock","17":"sale","18":"taxable","19":"shipping-taxable","20":"purchasable","21":"product-type-variable","22":"has-default-attributes"},"jetpack_sharing_enabled":true,"_links":{"self":[{"href":"https:\/\/mariswiss.com\/sv\/wp-json\/wp\/v2\/product\/16800","targetHints":{"allow":["GET"]}}],"collection":[{"href":"https:\/\/mariswiss.com\/sv\/wp-json\/wp\/v2\/product"}],"about":[{"href":"https:\/\/mariswiss.com\/sv\/wp-json\/wp\/v2\/types\/product"}],"replies":[{"embeddable":true,"href":"https:\/\/mariswiss.com\/sv\/wp-json\/wp\/v2\/comments?post=16800"}],"wp:featuredmedia":[{"embeddable":true,"href":"https:\/\/mariswiss.com\/sv\/wp-json\/wp\/v2\/media\/19548"}],"wp:attachment":[{"href":"https:\/\/mariswiss.com\/sv\/wp-json\/wp\/v2\/media?parent=16800"}],"wp:term":[{"taxonomy":"product_cat","embeddable":true,"href":"https:\/\/mariswiss.com\/sv\/wp-json\/wp\/v2\/product_cat?post=16800"},{"taxonomy":"product_tag","embeddable":true,"href":"https:\/\/mariswiss.com\/sv\/wp-json\/wp\/v2\/product_tag?post=16800"}],"curies":[{"name":"wp","href":"https:\/\/api.w.org\/{rel}","templated":true}]}}