{"id":16813,"date":"2023-11-23T15:37:30","date_gmt":"2023-11-23T15:37:30","guid":{"rendered":"https:\/\/mariswiss.com\/?post_type=product&#038;p=16813"},"modified":"2025-07-11T08:17:06","modified_gmt":"2025-07-11T08:17:06","slug":"nepali-hhcpo","status":"publish","type":"product","link":"https:\/\/mariswiss.com\/sv\/product\/nepali-hhcpo\/","title":{"rendered":"Nepali - INOMHUS"},"content":{"rendered":"","protected":false},"excerpt":{"rendered":"<ul>\n<li style=\"list-style-type: none;\"><span style=\"text-decoration: underline;\"><strong>NEPALI<\/strong><\/span>\n<ul>\n<li>Ursprung: Tillverkad med omsorg i kantonen Valais, Schweiz, av blommor som odlats inomhus.<\/li>\n<li>Utseende: Detta harts har en djupsvart f\u00e4rg och en mjuk, gener\u00f6s konsistens som g\u00f6r det l\u00e4tt att anv\u00e4nda.<\/li>\n<li>Doft \/ Smak: Denna ber\u00f6mda hasch har en unik doft som \u00e4r b\u00e5de pepprig och uts\u00f6kt. N\u00e4r det br\u00e4nns kommer detta n\u00e5got skarpa luktavtryck igenom och l\u00e4gger till en distinkt anm\u00e4rkning till smakupplevelsen.<\/li>\n<li>Effekter: En betydande koncentration av 26% CBD+ ger denna harts anm\u00e4rkningsv\u00e4rd styrka.<\/li>\n<\/ul>\n<\/li>\n<\/ul>","protected":false},"featured_media":16820,"comment_status":"open","ping_status":"closed","template":"","meta":{"inline_featured_image":false},"product_cat":[362,360],"product_tag":[244,76],"class_list":{"0":"post-16813","1":"product","2":"type-product","3":"status-publish","4":"has-post-thumbnail","6":"product_brand-mari-swiss","7":"product_cat-resines-de-thcp","8":"product_cat-thcp","9":"product_tag-hash","10":"product_tag-indoor","12":"first","13":"outofstock","14":"sale","15":"taxable","16":"shipping-taxable","17":"purchasable","18":"product-type-variable","19":"has-default-attributes"},"jetpack_sharing_enabled":true,"_links":{"self":[{"href":"https:\/\/mariswiss.com\/sv\/wp-json\/wp\/v2\/product\/16813","targetHints":{"allow":["GET"]}}],"collection":[{"href":"https:\/\/mariswiss.com\/sv\/wp-json\/wp\/v2\/product"}],"about":[{"href":"https:\/\/mariswiss.com\/sv\/wp-json\/wp\/v2\/types\/product"}],"replies":[{"embeddable":true,"href":"https:\/\/mariswiss.com\/sv\/wp-json\/wp\/v2\/comments?post=16813"}],"wp:featuredmedia":[{"embeddable":true,"href":"https:\/\/mariswiss.com\/sv\/wp-json\/wp\/v2\/media\/16820"}],"wp:attachment":[{"href":"https:\/\/mariswiss.com\/sv\/wp-json\/wp\/v2\/media?parent=16813"}],"wp:term":[{"taxonomy":"product_cat","embeddable":true,"href":"https:\/\/mariswiss.com\/sv\/wp-json\/wp\/v2\/product_cat?post=16813"},{"taxonomy":"product_tag","embeddable":true,"href":"https:\/\/mariswiss.com\/sv\/wp-json\/wp\/v2\/product_tag?post=16813"}],"curies":[{"name":"wp","href":"https:\/\/api.w.org\/{rel}","templated":true}]}}