{"id":16958,"date":"2023-11-29T12:49:26","date_gmt":"2023-11-29T12:49:26","guid":{"rendered":"https:\/\/mariswiss.com\/?post_type=product&#038;p=16958"},"modified":"2025-07-15T16:24:32","modified_gmt":"2025-07-15T16:24:32","slug":"brownie-hash-cbd","status":"publish","type":"product","link":"https:\/\/mariswiss.com\/sv\/product\/brownie-hash-cbd\/","title":{"rendered":"Brownie Hash CBD"},"content":{"rendered":"<ul>\n<li><span style=\"text-decoration: underline;\"><strong>BROWNIE HASH CBD<\/strong><\/span>\n<ul>\n<li>Ursprung: Framst\u00e4lld i Schweiz i v\u00e5rt odlingslaboratorium, av blommor som odlats inomhus.<\/li>\n<li>Utseende: ljusbrun, mjuk, oljig harts. Mycket l\u00e4tt att anv\u00e4nda.<\/li>\n<li>Doft\/smak: Doften \u00e4r ganska s\u00f6t och kraftig. Den kommer att gl\u00e4dja fans av alla gammaldags hartser.<\/li>\n<li>CBD-inneh\u00e5ll \/ effekter: 24% av CBD i denna hash, s\u00e5 att du verkligen kan k\u00e4nna hur avslappnad det \u00e4r.<\/li>\n<\/ul>\n<\/li>\n<\/ul>","protected":false},"excerpt":{"rendered":"<ul>\n<li><span style=\"text-decoration: underline;\"><strong>BROWNIE HASH CBD<\/strong><\/span>\n<ul>\n<li>Ursprung: Framst\u00e4lld i Schweiz i v\u00e5rt odlingslaboratorium, av blommor som odlats inomhus.<\/li>\n<li>Utseende: ljusbrun, mjuk, oljig harts. Mycket l\u00e4tt att anv\u00e4nda.<\/li>\n<li>Doft\/smak: Doften \u00e4r ganska s\u00f6t och kraftig. Den kommer att gl\u00e4dja fans av alla gammaldags hartser.<\/li>\n<li>CBD-inneh\u00e5ll \/ effekter: 24% av CBD i denna hash, s\u00e5 att du verkligen kan k\u00e4nna hur avslappnad det \u00e4r.<\/li>\n<\/ul>\n<\/li>\n<li style=\"list-style-type: none;\"><\/li>\n<\/ul>","protected":false},"featured_media":16828,"comment_status":"open","ping_status":"closed","template":"","meta":{"inline_featured_image":false},"product_cat":[352,357],"product_tag":[244,76],"class_list":{"0":"post-16958","1":"product","2":"type-product","3":"status-publish","4":"has-post-thumbnail","6":"product_brand-mari-swiss","7":"product_cat-cbd","8":"product_cat-resines-de-cbd","9":"product_tag-hash","10":"product_tag-indoor","12":"first","13":"instock","14":"sale","15":"taxable","16":"shipping-taxable","17":"purchasable","18":"product-type-variable","19":"has-default-attributes"},"jetpack_sharing_enabled":true,"_links":{"self":[{"href":"https:\/\/mariswiss.com\/sv\/wp-json\/wp\/v2\/product\/16958","targetHints":{"allow":["GET"]}}],"collection":[{"href":"https:\/\/mariswiss.com\/sv\/wp-json\/wp\/v2\/product"}],"about":[{"href":"https:\/\/mariswiss.com\/sv\/wp-json\/wp\/v2\/types\/product"}],"replies":[{"embeddable":true,"href":"https:\/\/mariswiss.com\/sv\/wp-json\/wp\/v2\/comments?post=16958"}],"wp:featuredmedia":[{"embeddable":true,"href":"https:\/\/mariswiss.com\/sv\/wp-json\/wp\/v2\/media\/16828"}],"wp:attachment":[{"href":"https:\/\/mariswiss.com\/sv\/wp-json\/wp\/v2\/media?parent=16958"}],"wp:term":[{"taxonomy":"product_cat","embeddable":true,"href":"https:\/\/mariswiss.com\/sv\/wp-json\/wp\/v2\/product_cat?post=16958"},{"taxonomy":"product_tag","embeddable":true,"href":"https:\/\/mariswiss.com\/sv\/wp-json\/wp\/v2\/product_tag?post=16958"}],"curies":[{"name":"wp","href":"https:\/\/api.w.org\/{rel}","templated":true}]}}