{"id":17240,"date":"2024-01-06T13:29:22","date_gmt":"2024-01-06T13:29:22","guid":{"rendered":"https:\/\/mariswiss.com\/?post_type=product&#038;p=17240"},"modified":"2026-03-26T23:05:11","modified_gmt":"2026-03-26T23:05:11","slug":"purplematic-cbd-green-house","status":"publish","type":"product","link":"https:\/\/mariswiss.com\/sv\/product\/purplematic-cbd-green-house\/","title":{"rendered":"Purplematic CBD - Gr\u00f6nt hus"},"content":{"rendered":"","protected":false},"excerpt":{"rendered":"<p><span style=\"text-decoration: underline;\"><strong>PURPLEMATIC CBD V\u00c4XTHUS<\/strong><\/span><\/p>\n<ul>\n<li>Ursprung: Sorten odlas i v\u00e4xthus i kantonen Valais i Schweiz.<\/li>\n<li>Utseende: Den har stora, ljusgr\u00f6na knoppar med en <a href=\"https:\/\/mariswiss.com\/sv\/product\/queen-purple-cbd-greenhouse-copy\/\">lila<\/a>i enlighet med dess namn. Manikyren g\u00f6rs f\u00f6r hand.<\/li>\n<li>Doft\/smak: Detta \u00e4r en blomma med fruktiga och tr\u00e4iga toner. Det finns en distinkt persikodoft n\u00e4r den konsumeras.<\/li>\n<li>CBD-inneh\u00e5ll \/ effekter: Denna blomma har ett CBD-inneh\u00e5ll p\u00e5 19.75%.<\/li>\n<\/ul>","protected":false},"featured_media":17350,"comment_status":"open","ping_status":"closed","template":"","meta":{"inline_featured_image":false},"product_cat":[353,355],"product_tag":[220,76],"class_list":{"0":"post-17240","1":"product","2":"type-product","3":"status-publish","4":"has-post-thumbnail","6":"product_brand-mari-swiss","7":"product_cat-fleurs-de-cbd","8":"product_cat-greenhouse","9":"product_tag-fleurs-cbd","10":"product_tag-indoor","12":"first","13":"instock","14":"sale","15":"taxable","16":"shipping-taxable","17":"purchasable","18":"product-type-variable"},"jetpack_sharing_enabled":true,"_links":{"self":[{"href":"https:\/\/mariswiss.com\/sv\/wp-json\/wp\/v2\/product\/17240","targetHints":{"allow":["GET"]}}],"collection":[{"href":"https:\/\/mariswiss.com\/sv\/wp-json\/wp\/v2\/product"}],"about":[{"href":"https:\/\/mariswiss.com\/sv\/wp-json\/wp\/v2\/types\/product"}],"replies":[{"embeddable":true,"href":"https:\/\/mariswiss.com\/sv\/wp-json\/wp\/v2\/comments?post=17240"}],"wp:featuredmedia":[{"embeddable":true,"href":"https:\/\/mariswiss.com\/sv\/wp-json\/wp\/v2\/media\/17350"}],"wp:attachment":[{"href":"https:\/\/mariswiss.com\/sv\/wp-json\/wp\/v2\/media?parent=17240"}],"wp:term":[{"taxonomy":"product_cat","embeddable":true,"href":"https:\/\/mariswiss.com\/sv\/wp-json\/wp\/v2\/product_cat?post=17240"},{"taxonomy":"product_tag","embeddable":true,"href":"https:\/\/mariswiss.com\/sv\/wp-json\/wp\/v2\/product_tag?post=17240"}],"curies":[{"name":"wp","href":"https:\/\/api.w.org\/{rel}","templated":true}]}}