{"id":17380,"date":"2024-02-01T16:15:57","date_gmt":"2024-02-01T16:15:57","guid":{"rendered":"https:\/\/mariswiss.com\/?post_type=product&#038;p=17380"},"modified":"2026-03-30T18:50:38","modified_gmt":"2026-03-30T18:50:38","slug":"frosty-cake-cbd","status":"publish","type":"product","link":"https:\/\/mariswiss.com\/sv\/product\/frosty-cake-cbd\/","title":{"rendered":"Frostig CBD-t\u00e5rta"},"content":{"rendered":"<p><span style=\"text-decoration: underline;\"><strong>FROSTY CAKE CBD<\/strong><\/span><\/p>\n<p>Frosty Cake CBD \u00e4r det senaste tillskottet till v\u00e5r CBD-katalog. Det \u00e4r en blomma av cryo-typ, s\u00e5 den \u00e4r mycket tydlig och flammad, och kommer i form av mycket stora ogr\u00e4shuvuden.<\/p>\n<p>Den p\u00e5minner om en naturlig, tr\u00e4ig blomma och kommer garanterat att tilltala.<\/p>\n<p>Ett m\u00e5ste f\u00f6r finsmakare av bra CBD-produkter<\/p>","protected":false},"excerpt":{"rendered":"<p><span style=\"text-decoration: underline;\"><strong>FROSTY CAKE CBD<\/strong><\/span><\/p>\n<ul>\n<li>Ursprung: Frosty Cake CBD \u00e4r en magnifik blomma som odlas i v\u00e4xthus i fransktalande Schweiz. Den har en mycket ljusgr\u00f6n f\u00e4rg p\u00e5 grund av dess semi-hydroponiska odling.<\/li>\n<li>Utseende: Mycket stora, fluffiga knoppar, l\u00e4tta att smula s\u00f6nder.<\/li>\n<li>Doft \/ Smak: En blomma med en mycket naturlig, tr\u00e4ig doft. Den kommer att tilltala \u00e4lskare av mycket blommiga och jordiga blommor enormt.<\/li>\n<li>CBD-inneh\u00e5ll: 13% CBD f\u00f6r denna v\u00e4xthusblomma av mycket h\u00f6g kvalitet<\/li>\n<\/ul>","protected":false},"featured_media":20086,"comment_status":"open","ping_status":"closed","template":"","meta":{"inline_featured_image":false},"product_cat":[352,353,355],"product_tag":[220,227],"class_list":{"0":"post-17380","1":"product","2":"type-product","3":"status-publish","4":"has-post-thumbnail","6":"product_brand-mari-swiss","7":"product_cat-cbd","8":"product_cat-fleurs-de-cbd","9":"product_cat-greenhouse","10":"product_tag-fleurs-cbd","11":"product_tag-greenhouse","13":"first","14":"instock","15":"sale","16":"taxable","17":"shipping-taxable","18":"purchasable","19":"product-type-variable","20":"has-default-attributes"},"jetpack_sharing_enabled":true,"_links":{"self":[{"href":"https:\/\/mariswiss.com\/sv\/wp-json\/wp\/v2\/product\/17380","targetHints":{"allow":["GET"]}}],"collection":[{"href":"https:\/\/mariswiss.com\/sv\/wp-json\/wp\/v2\/product"}],"about":[{"href":"https:\/\/mariswiss.com\/sv\/wp-json\/wp\/v2\/types\/product"}],"replies":[{"embeddable":true,"href":"https:\/\/mariswiss.com\/sv\/wp-json\/wp\/v2\/comments?post=17380"}],"wp:featuredmedia":[{"embeddable":true,"href":"https:\/\/mariswiss.com\/sv\/wp-json\/wp\/v2\/media\/20086"}],"wp:attachment":[{"href":"https:\/\/mariswiss.com\/sv\/wp-json\/wp\/v2\/media?parent=17380"}],"wp:term":[{"taxonomy":"product_cat","embeddable":true,"href":"https:\/\/mariswiss.com\/sv\/wp-json\/wp\/v2\/product_cat?post=17380"},{"taxonomy":"product_tag","embeddable":true,"href":"https:\/\/mariswiss.com\/sv\/wp-json\/wp\/v2\/product_tag?post=17380"}],"curies":[{"name":"wp","href":"https:\/\/api.w.org\/{rel}","templated":true}]}}