{"id":17890,"date":"2024-04-10T12:41:36","date_gmt":"2024-04-10T12:41:36","guid":{"rendered":"https:\/\/mariswiss.com\/?post_type=product&#038;p=17890"},"modified":"2026-04-17T09:04:04","modified_gmt":"2026-04-17T09:04:04","slug":"royal-swiss-hash-cbd","status":"publish","type":"product","link":"https:\/\/mariswiss.com\/sv\/product\/royal-swiss-hash-cbd\/","title":{"rendered":"Royal Swiss Hash CBD"},"content":{"rendered":"","protected":false},"excerpt":{"rendered":"<p><strong>Royal Swiss Hash CBD<\/strong><\/p>\n<ul>\n<li>Ursprung: Denna produkt framst\u00e4lls i kantonerna Valais, n\u00e4ra staden Martigny i Schweiz, av blommor som odlas inomhus i enlighet med principerna f\u00f6r ekologiskt jordbruk.<\/li>\n<li>Utseende: Hartset \u00e4r ljust till f\u00e4rgen, <a href=\"https:\/\/mariswiss.com\/sv\/product\/brownie-hash-cbd\/\">mycket flexibel<\/a> och len, vilket g\u00f6r den l\u00e4tt att dricka.<\/li>\n<li>Lukt\/smak: Aromen \u00e4r distinkt och p\u00e5minner om dess THC-haltiga kusin, och ger en kraftfull doftupplevelse. Den kommer att tilltala finsmakare som uppskattar hartser med en autentisk, djup haschsmak.<\/li>\n<li>CBD-inneh\u00e5ll \/ effekter: Inneh\u00e5ller 27% av CBD, inducerar denna hash m\u00e4rkbar, djup avkoppling.<\/li>\n<\/ul>\n<ul>\n<li style=\"list-style-type: none;\"><\/li>\n<\/ul>","protected":false},"featured_media":17896,"comment_status":"open","ping_status":"closed","template":"","meta":{"inline_featured_image":false},"product_cat":[352,357],"product_tag":[244,76],"class_list":{"0":"post-17890","1":"product","2":"type-product","3":"status-publish","4":"has-post-thumbnail","6":"product_brand-mari-swiss","7":"product_cat-cbd","8":"product_cat-resines-de-cbd","9":"product_tag-hash","10":"product_tag-indoor","12":"first","13":"instock","14":"sale","15":"taxable","16":"shipping-taxable","17":"purchasable","18":"product-type-variable","19":"has-default-attributes"},"jetpack_sharing_enabled":true,"_links":{"self":[{"href":"https:\/\/mariswiss.com\/sv\/wp-json\/wp\/v2\/product\/17890","targetHints":{"allow":["GET"]}}],"collection":[{"href":"https:\/\/mariswiss.com\/sv\/wp-json\/wp\/v2\/product"}],"about":[{"href":"https:\/\/mariswiss.com\/sv\/wp-json\/wp\/v2\/types\/product"}],"replies":[{"embeddable":true,"href":"https:\/\/mariswiss.com\/sv\/wp-json\/wp\/v2\/comments?post=17890"}],"wp:featuredmedia":[{"embeddable":true,"href":"https:\/\/mariswiss.com\/sv\/wp-json\/wp\/v2\/media\/17896"}],"wp:attachment":[{"href":"https:\/\/mariswiss.com\/sv\/wp-json\/wp\/v2\/media?parent=17890"}],"wp:term":[{"taxonomy":"product_cat","embeddable":true,"href":"https:\/\/mariswiss.com\/sv\/wp-json\/wp\/v2\/product_cat?post=17890"},{"taxonomy":"product_tag","embeddable":true,"href":"https:\/\/mariswiss.com\/sv\/wp-json\/wp\/v2\/product_tag?post=17890"}],"curies":[{"name":"wp","href":"https:\/\/api.w.org\/{rel}","templated":true}]}}