{"id":17897,"date":"2024-04-10T12:54:48","date_gmt":"2024-04-10T12:54:48","guid":{"rendered":"https:\/\/mariswiss.com\/?post_type=product&#038;p=17897"},"modified":"2025-07-15T15:51:27","modified_gmt":"2025-07-15T15:51:27","slug":"voyageur-cbd-indoor","status":"publish","type":"product","link":"https:\/\/mariswiss.com\/sv\/product\/voyageur-cbd-indoor\/","title":{"rendered":"Voyageur CBD inomhus"},"content":{"rendered":"","protected":false},"excerpt":{"rendered":"<p><strong>Voyageur CBD inomhus<\/strong><\/p>\n<ul>\n<li>\n<div>Ursprung: Denna sort odlas inomhus i kantonen Fribourg i Schweiz, vilket garanterar exceptionell kvalitet och renhet.<\/div>\n<\/li>\n<li>\n<div>Utseende: Stora, ljusgr\u00f6na knoppar, kompakta och rika p\u00e5 pollen, vilket g\u00f6r dem lite klibbiga att ta p\u00e5.<\/div>\n<div><\/div>\n<\/li>\n<li>\n<div>Doft\/smak: Doften \u00e4r kryddig med l\u00e4tt fruktiga toner. Vid avsmakning l\u00e4mnar den en mjuk och behaglig smak i gommen.<\/div>\n<\/li>\n<li>\n<div>CBD-inneh\u00e5ll \/ effekter : Med en CBD-niv\u00e5 p\u00e5 25% \u00e4r denna blomma relativt potent, vilket garanterar djup, l\u00e5ngvarig avkoppling.<\/div>\n<\/li>\n<\/ul>","protected":false},"featured_media":17903,"comment_status":"open","ping_status":"closed","template":"","meta":{"inline_featured_image":false},"product_cat":[353,354],"product_tag":[220,76],"class_list":{"0":"post-17897","1":"product","2":"type-product","3":"status-publish","4":"has-post-thumbnail","6":"product_brand-mari-swiss","7":"product_cat-fleurs-de-cbd","8":"product_cat-indoor","9":"product_tag-fleurs-cbd","10":"product_tag-indoor","12":"first","13":"instock","14":"sale","15":"taxable","16":"shipping-taxable","17":"purchasable","18":"product-type-variable","19":"has-default-attributes"},"jetpack_sharing_enabled":true,"_links":{"self":[{"href":"https:\/\/mariswiss.com\/sv\/wp-json\/wp\/v2\/product\/17897","targetHints":{"allow":["GET"]}}],"collection":[{"href":"https:\/\/mariswiss.com\/sv\/wp-json\/wp\/v2\/product"}],"about":[{"href":"https:\/\/mariswiss.com\/sv\/wp-json\/wp\/v2\/types\/product"}],"replies":[{"embeddable":true,"href":"https:\/\/mariswiss.com\/sv\/wp-json\/wp\/v2\/comments?post=17897"}],"wp:featuredmedia":[{"embeddable":true,"href":"https:\/\/mariswiss.com\/sv\/wp-json\/wp\/v2\/media\/17903"}],"wp:attachment":[{"href":"https:\/\/mariswiss.com\/sv\/wp-json\/wp\/v2\/media?parent=17897"}],"wp:term":[{"taxonomy":"product_cat","embeddable":true,"href":"https:\/\/mariswiss.com\/sv\/wp-json\/wp\/v2\/product_cat?post=17897"},{"taxonomy":"product_tag","embeddable":true,"href":"https:\/\/mariswiss.com\/sv\/wp-json\/wp\/v2\/product_tag?post=17897"}],"curies":[{"name":"wp","href":"https:\/\/api.w.org\/{rel}","templated":true}]}}