{"id":18088,"date":"2024-05-03T09:49:49","date_gmt":"2024-05-03T09:49:49","guid":{"rendered":"https:\/\/mariswiss.com\/?post_type=product&#038;p=18088"},"modified":"2025-07-15T15:50:47","modified_gmt":"2025-07-15T15:50:47","slug":"swiss-premium-brown-hash-bio-cbd","status":"publish","type":"product","link":"https:\/\/mariswiss.com\/sv\/product\/swiss-premium-brown-hash-bio-cbd\/","title":{"rendered":"Swiss Premium Brown Hash BIO CBD"},"content":{"rendered":"","protected":false},"excerpt":{"rendered":"<div style=\"text-align: left;\">\n<p><strong>Swiss Premium Black Hash ORGANISK<\/strong><\/p>\n<ul>\n<li>Ursprung: Swiss Premium Brown Hash BIO produceras i kantonen Bern i Schweiz, d\u00e4r h\u00f6gkvalitativa blommor odlas inomhus enligt ekologiska odlingsprinciper.<\/li>\n<li>Utseende: Detta harts \u00e4r n\u00e5got m\u00f6rkbrunt till f\u00e4rgen, halvmjukt och mycket praktiskt att anv\u00e4nda. Det \u00e4r fingerv\u00e4nligt, vilket g\u00f6r det till ett perfekt val f\u00f6r enkel och ren anv\u00e4ndning.<\/li>\n<li>Doft\/smak: Har en behaglig smak. <span style=\"font-size: 14.4px;\">s\u00f6t.<\/span><\/li>\n<li>CBD-inneh\u00e5ll \/ effekter: Inneh\u00e5ller 29% CBD. Med ett CBD-inneh\u00e5ll p\u00e5 27% garanterar Swiss Premium Brown Hash BIO djup avslappning. Det \u00e4r en resin som passar perfekt f\u00f6r dem som vill koppla av samtidigt som de njuter av en produkt med en distinkt smak.<\/li>\n<\/ul>\n<\/div>","protected":false},"featured_media":18054,"comment_status":"open","ping_status":"closed","template":"","meta":{"inline_featured_image":false},"product_cat":[352,357],"product_tag":[],"class_list":{"0":"post-18088","1":"product","2":"type-product","3":"status-publish","4":"has-post-thumbnail","6":"product_brand-mari-swiss","7":"product_cat-cbd","8":"product_cat-resines-de-cbd","10":"first","11":"instock","12":"sale","13":"taxable","14":"shipping-taxable","15":"purchasable","16":"product-type-variable"},"jetpack_sharing_enabled":true,"_links":{"self":[{"href":"https:\/\/mariswiss.com\/sv\/wp-json\/wp\/v2\/product\/18088","targetHints":{"allow":["GET"]}}],"collection":[{"href":"https:\/\/mariswiss.com\/sv\/wp-json\/wp\/v2\/product"}],"about":[{"href":"https:\/\/mariswiss.com\/sv\/wp-json\/wp\/v2\/types\/product"}],"replies":[{"embeddable":true,"href":"https:\/\/mariswiss.com\/sv\/wp-json\/wp\/v2\/comments?post=18088"}],"wp:featuredmedia":[{"embeddable":true,"href":"https:\/\/mariswiss.com\/sv\/wp-json\/wp\/v2\/media\/18054"}],"wp:attachment":[{"href":"https:\/\/mariswiss.com\/sv\/wp-json\/wp\/v2\/media?parent=18088"}],"wp:term":[{"taxonomy":"product_cat","embeddable":true,"href":"https:\/\/mariswiss.com\/sv\/wp-json\/wp\/v2\/product_cat?post=18088"},{"taxonomy":"product_tag","embeddable":true,"href":"https:\/\/mariswiss.com\/sv\/wp-json\/wp\/v2\/product_tag?post=18088"}],"curies":[{"name":"wp","href":"https:\/\/api.w.org\/{rel}","templated":true}]}}