{"id":18294,"date":"2024-05-27T14:13:49","date_gmt":"2024-05-27T14:13:49","guid":{"rendered":"https:\/\/mariswiss.com\/?post_type=product&#038;p=18294"},"modified":"2026-04-17T09:04:01","modified_gmt":"2026-04-17T09:04:01","slug":"the-bulldog-brown-king-size","status":"publish","type":"product","link":"https:\/\/mariswiss.com\/sv\/product\/the-bulldog-brown-king-size\/","title":{"rendered":"Bulldoggen Brun King Size"},"content":{"rendered":"<p>Dessa papper fr\u00e5n kultm\u00e4rket \"The Bulldog\" \u00e4r tillverkade av naturlig hampa och \u00e4r oblekta.<\/p>\n<p>De brinner s\u00e4rskilt l\u00e5ngsamt.<\/p>\n<p>The Bulldog leaves gjorde sig k\u00e4nda p\u00e5 sitt ber\u00f6mda kaf\u00e9 i Amsterdam.<\/p>","protected":false},"excerpt":{"rendered":"<h2><strong>The Bulldog Brown King Size smala oblekta lakan<\/strong><\/h2>\n<ul>\n<li><span style=\"color: #333333;\">M\u00e5tt: 107\u00d744 mm<\/span><\/li>\n<li>Vikt: 14 g\/m2<\/li>\n<li>Varje h\u00e4fte inneh\u00e5ller 33 ark<\/li>\n<li>Slimmat format<\/li>\n<li>Klorfri<\/li>\n<li>Oblekt<\/li>\n<\/ul>","protected":false},"featured_media":18295,"comment_status":"open","ping_status":"closed","template":"","meta":{"inline_featured_image":false},"product_cat":[366,369],"product_tag":[217],"class_list":{"0":"post-18294","1":"product","2":"type-product","3":"status-publish","4":"has-post-thumbnail","6":"product_brand-bulldog","7":"product_cat-accessoires","8":"product_cat-feuilles-a-rouler","9":"product_tag-feuilles","11":"first","12":"instock","13":"taxable","14":"shipping-taxable","15":"purchasable","16":"product-type-simple"},"jetpack_sharing_enabled":true,"_links":{"self":[{"href":"https:\/\/mariswiss.com\/sv\/wp-json\/wp\/v2\/product\/18294","targetHints":{"allow":["GET"]}}],"collection":[{"href":"https:\/\/mariswiss.com\/sv\/wp-json\/wp\/v2\/product"}],"about":[{"href":"https:\/\/mariswiss.com\/sv\/wp-json\/wp\/v2\/types\/product"}],"replies":[{"embeddable":true,"href":"https:\/\/mariswiss.com\/sv\/wp-json\/wp\/v2\/comments?post=18294"}],"wp:featuredmedia":[{"embeddable":true,"href":"https:\/\/mariswiss.com\/sv\/wp-json\/wp\/v2\/media\/18295"}],"wp:attachment":[{"href":"https:\/\/mariswiss.com\/sv\/wp-json\/wp\/v2\/media?parent=18294"}],"wp:term":[{"taxonomy":"product_cat","embeddable":true,"href":"https:\/\/mariswiss.com\/sv\/wp-json\/wp\/v2\/product_cat?post=18294"},{"taxonomy":"product_tag","embeddable":true,"href":"https:\/\/mariswiss.com\/sv\/wp-json\/wp\/v2\/product_tag?post=18294"}],"curies":[{"name":"wp","href":"https:\/\/api.w.org\/{rel}","templated":true}]}}