{"id":18296,"date":"2024-05-27T14:17:18","date_gmt":"2024-05-27T14:17:18","guid":{"rendered":"https:\/\/mariswiss.com\/?post_type=product&#038;p=18296"},"modified":"2026-04-17T09:04:00","modified_gmt":"2026-04-17T09:04:00","slug":"ocb-bamboo-king-size-slim-papers-100-bamboo","status":"publish","type":"product","link":"https:\/\/mariswiss.com\/sv\/product\/ocb-bamboo-king-size-slim-papers-100-bamboo\/","title":{"rendered":"OCB BAMBU KING SIZE SMALA PAPPER - 100% BAMBU"},"content":{"rendered":"","protected":false},"excerpt":{"rendered":"<h2>OCB BAMBU KING SIZE SMALA PAPPER<\/h2>\n<p>H\u00e4r presenterar OCB cigarettblad tillverkade av 100 % bambu!<\/p>\n<p>Bambu \u00e4r en snabbt f\u00f6rnybar r\u00e5vara, och papperet som tillverkas av den k\u00e4nnetecknas ocks\u00e5 av sin flexibilitet och motst\u00e5ndskraft mot rivning. Varje h\u00e4fte inneh\u00e5ller 32 ark oblekt, ultrafint bambupapper som brinner j\u00e4mnt. Denna produkt \u00e4r vegansk och tillverkad i Frankrike.<\/p>\n<p>I ett n\u00f6tskal:<\/p>\n<ul>\n<li>Arkstorlek: 44 x 109 mm<\/li>\n<li>Oblekt och fri fr\u00e5n f\u00e4rg\u00e4mnen<\/li>\n<li>32 ark per h\u00e4fte<\/li>\n<li>50 h\u00e4ften per l\u00e5da<\/li>\n<\/ul>","protected":false},"featured_media":18297,"comment_status":"open","ping_status":"closed","template":"","meta":{"inline_featured_image":false},"product_cat":[366,369],"product_tag":[217],"class_list":{"0":"post-18296","1":"product","2":"type-product","3":"status-publish","4":"has-post-thumbnail","6":"product_brand-ocb","7":"product_cat-accessoires","8":"product_cat-feuilles-a-rouler","9":"product_tag-feuilles","11":"first","12":"instock","13":"taxable","14":"shipping-taxable","15":"purchasable","16":"product-type-simple"},"jetpack_sharing_enabled":true,"_links":{"self":[{"href":"https:\/\/mariswiss.com\/sv\/wp-json\/wp\/v2\/product\/18296","targetHints":{"allow":["GET"]}}],"collection":[{"href":"https:\/\/mariswiss.com\/sv\/wp-json\/wp\/v2\/product"}],"about":[{"href":"https:\/\/mariswiss.com\/sv\/wp-json\/wp\/v2\/types\/product"}],"replies":[{"embeddable":true,"href":"https:\/\/mariswiss.com\/sv\/wp-json\/wp\/v2\/comments?post=18296"}],"wp:featuredmedia":[{"embeddable":true,"href":"https:\/\/mariswiss.com\/sv\/wp-json\/wp\/v2\/media\/18297"}],"wp:attachment":[{"href":"https:\/\/mariswiss.com\/sv\/wp-json\/wp\/v2\/media?parent=18296"}],"wp:term":[{"taxonomy":"product_cat","embeddable":true,"href":"https:\/\/mariswiss.com\/sv\/wp-json\/wp\/v2\/product_cat?post=18296"},{"taxonomy":"product_tag","embeddable":true,"href":"https:\/\/mariswiss.com\/sv\/wp-json\/wp\/v2\/product_tag?post=18296"}],"curies":[{"name":"wp","href":"https:\/\/api.w.org\/{rel}","templated":true}]}}