{"id":18370,"date":"2024-05-31T13:02:57","date_gmt":"2024-05-31T13:02:57","guid":{"rendered":"https:\/\/mariswiss.com\/?post_type=product&#038;p=18370"},"modified":"2026-04-17T09:04:00","modified_gmt":"2026-04-17T09:04:00","slug":"mango-haze-cbd-indoor","status":"publish","type":"product","link":"https:\/\/mariswiss.com\/sv\/product\/mango-haze-cbd-indoor\/","title":{"rendered":"Mango Haze CBD inomhus"},"content":{"rendered":"","protected":false},"excerpt":{"rendered":"<p><strong>Mango Haze CBD inomhus<\/strong><\/p>\n<ul>\n<li>\n<div>Ursprung: Denna sort odlas inomhus i kantonen Valais i Schweiz.<\/div>\n<\/li>\n<li>\n<div>Utseende: Denna blomma har ett fantastiskt utseende: kompakt, ljus ljusgr\u00f6n med orange pistiller.<\/div>\n<\/li>\n<li>\n<div>Lukt \/ smak: S\u00e5 snart du \u00f6ppnar p\u00e5sen kommer du att h\u00e4lsas av den l\u00e4ckra, s\u00f6ta, exotiska lukten som \u00e4r karakteristisk f\u00f6r Mango-sorten.<\/div>\n<\/li>\n<li>\n<div>CBD-inneh\u00e5ll \/ effekter : Med ett CBD-inneh\u00e5ll p\u00e5 28% lovar det djup och m\u00e4rkbar avkoppling.<\/div>\n<\/li>\n<\/ul>","protected":false},"featured_media":18372,"comment_status":"open","ping_status":"closed","template":"","meta":{"inline_featured_image":false},"product_cat":[352,353,354],"product_tag":[76],"class_list":{"0":"post-18370","1":"product","2":"type-product","3":"status-publish","4":"has-post-thumbnail","6":"product_brand-mari-swiss","7":"product_cat-cbd","8":"product_cat-fleurs-de-cbd","9":"product_cat-indoor","10":"product_tag-indoor","12":"first","13":"instock","14":"sale","15":"taxable","16":"shipping-taxable","17":"purchasable","18":"product-type-variable"},"jetpack_sharing_enabled":true,"_links":{"self":[{"href":"https:\/\/mariswiss.com\/sv\/wp-json\/wp\/v2\/product\/18370","targetHints":{"allow":["GET"]}}],"collection":[{"href":"https:\/\/mariswiss.com\/sv\/wp-json\/wp\/v2\/product"}],"about":[{"href":"https:\/\/mariswiss.com\/sv\/wp-json\/wp\/v2\/types\/product"}],"replies":[{"embeddable":true,"href":"https:\/\/mariswiss.com\/sv\/wp-json\/wp\/v2\/comments?post=18370"}],"wp:featuredmedia":[{"embeddable":true,"href":"https:\/\/mariswiss.com\/sv\/wp-json\/wp\/v2\/media\/18372"}],"wp:attachment":[{"href":"https:\/\/mariswiss.com\/sv\/wp-json\/wp\/v2\/media?parent=18370"}],"wp:term":[{"taxonomy":"product_cat","embeddable":true,"href":"https:\/\/mariswiss.com\/sv\/wp-json\/wp\/v2\/product_cat?post=18370"},{"taxonomy":"product_tag","embeddable":true,"href":"https:\/\/mariswiss.com\/sv\/wp-json\/wp\/v2\/product_tag?post=18370"}],"curies":[{"name":"wp","href":"https:\/\/api.w.org\/{rel}","templated":true}]}}