{"id":18873,"date":"2024-07-23T17:52:18","date_gmt":"2024-07-23T17:52:18","guid":{"rendered":"https:\/\/mariswiss.com\/?post_type=product&#038;p=18873"},"modified":"2025-07-15T15:48:53","modified_gmt":"2025-07-15T15:48:53","slug":"triangle-kush-cbd-indoor","status":"publish","type":"product","link":"https:\/\/mariswiss.com\/sv\/product\/triangle-kush-cbd-indoor\/","title":{"rendered":"Triangel kush CBD inomhus"},"content":{"rendered":"","protected":false},"excerpt":{"rendered":"<p><strong>Triangel Kush CBD inomhus<\/strong><\/p>\n<p><strong>Ursprung<\/strong> V\u00e5r Triangle Kush CBD Indoor kommer fr\u00e5n Florida. Denna sort odlas noggrant i ett v\u00e4xthus i kantonen Valais i Schweiz.<\/p>\n<p><strong>Aspekt<\/strong> Utm\u00e4rkt manikyr, ljus f\u00e4rg med svagt lila inslag som ger en touch av elegans.<\/p>\n<p><strong>Lukt \/ smak<\/strong> En f\u00f6rtrollande blommig doft uppst\u00e5r och utlovar en raffinerad sensorisk upplevelse.<\/p>\n<p><strong>Niv\u00e5 av CBD \/ effekter<\/strong> Denna blomma har ett CBD-inneh\u00e5ll p\u00e5 21%, vilket ger avslappnande och balanserade effekter.<\/p>","protected":false},"featured_media":18880,"comment_status":"open","ping_status":"closed","template":"","meta":{"inline_featured_image":false},"product_cat":[353,352,354],"product_tag":[76],"class_list":{"0":"post-18873","1":"product","2":"type-product","3":"status-publish","4":"has-post-thumbnail","6":"product_brand-mari-swiss","7":"product_cat-fleurs-de-cbd","8":"product_cat-cbd","9":"product_cat-indoor","10":"product_tag-indoor","12":"first","13":"instock","14":"sale","15":"taxable","16":"shipping-taxable","17":"purchasable","18":"product-type-variable"},"jetpack_sharing_enabled":true,"_links":{"self":[{"href":"https:\/\/mariswiss.com\/sv\/wp-json\/wp\/v2\/product\/18873","targetHints":{"allow":["GET"]}}],"collection":[{"href":"https:\/\/mariswiss.com\/sv\/wp-json\/wp\/v2\/product"}],"about":[{"href":"https:\/\/mariswiss.com\/sv\/wp-json\/wp\/v2\/types\/product"}],"replies":[{"embeddable":true,"href":"https:\/\/mariswiss.com\/sv\/wp-json\/wp\/v2\/comments?post=18873"}],"wp:featuredmedia":[{"embeddable":true,"href":"https:\/\/mariswiss.com\/sv\/wp-json\/wp\/v2\/media\/18880"}],"wp:attachment":[{"href":"https:\/\/mariswiss.com\/sv\/wp-json\/wp\/v2\/media?parent=18873"}],"wp:term":[{"taxonomy":"product_cat","embeddable":true,"href":"https:\/\/mariswiss.com\/sv\/wp-json\/wp\/v2\/product_cat?post=18873"},{"taxonomy":"product_tag","embeddable":true,"href":"https:\/\/mariswiss.com\/sv\/wp-json\/wp\/v2\/product_tag?post=18873"}],"curies":[{"name":"wp","href":"https:\/\/api.w.org\/{rel}","templated":true}]}}