{"id":18881,"date":"2024-07-23T17:53:01","date_gmt":"2024-07-23T17:53:01","guid":{"rendered":"https:\/\/mariswiss.com\/?post_type=product&#038;p=18881"},"modified":"2025-07-15T15:47:24","modified_gmt":"2025-07-15T15:47:24","slug":"tangie-dream-cbd-indoor","status":"publish","type":"product","link":"https:\/\/mariswiss.com\/sv\/product\/tangie-dream-cbd-indoor\/","title":{"rendered":"Tangie Dream CBD inomhus"},"content":{"rendered":"","protected":false},"excerpt":{"rendered":"<p><strong>Tangie CBD inomhus<\/strong><\/p>\n<p><strong>Ursprung<\/strong> Denna sort odlas inomhus i kantonen Vaud i Schweiz och utm\u00e4rker sig f\u00f6r sin sk\u00f6nhet och exceptionella kvalitet.<\/p>\n<p><strong>Aspekt<\/strong> En magnifik, kompakt, m\u00f6rkgr\u00f6n blomma med vackra orangef\u00e4rgade pistiller.<\/p>\n<p><strong>Lukt \/ smak<\/strong> Den h\u00e4r blommans fulla kraft kan k\u00e4nnas n\u00e4r du dricker den. En riktig karakt\u00e4rsblomma, med syrliga toner och en eftersmak av exotisk frukt.<\/p>\n<p><strong>Niv\u00e5 av CBD \/ effekter<\/strong> Denna blomma har ett CBD-inneh\u00e5ll p\u00e5 23%, vilket ger kraftfulla, avslappnande effekter.<\/p>","protected":false},"featured_media":18886,"comment_status":"open","ping_status":"closed","template":"","meta":{"inline_featured_image":false},"product_cat":[353,352,354],"product_tag":[76],"class_list":{"0":"post-18881","1":"product","2":"type-product","3":"status-publish","4":"has-post-thumbnail","6":"product_brand-mari-swiss","7":"product_cat-fleurs-de-cbd","8":"product_cat-cbd","9":"product_cat-indoor","10":"product_tag-indoor","12":"first","13":"instock","14":"sale","15":"taxable","16":"shipping-taxable","17":"purchasable","18":"product-type-variable"},"jetpack_sharing_enabled":true,"_links":{"self":[{"href":"https:\/\/mariswiss.com\/sv\/wp-json\/wp\/v2\/product\/18881","targetHints":{"allow":["GET"]}}],"collection":[{"href":"https:\/\/mariswiss.com\/sv\/wp-json\/wp\/v2\/product"}],"about":[{"href":"https:\/\/mariswiss.com\/sv\/wp-json\/wp\/v2\/types\/product"}],"replies":[{"embeddable":true,"href":"https:\/\/mariswiss.com\/sv\/wp-json\/wp\/v2\/comments?post=18881"}],"wp:featuredmedia":[{"embeddable":true,"href":"https:\/\/mariswiss.com\/sv\/wp-json\/wp\/v2\/media\/18886"}],"wp:attachment":[{"href":"https:\/\/mariswiss.com\/sv\/wp-json\/wp\/v2\/media?parent=18881"}],"wp:term":[{"taxonomy":"product_cat","embeddable":true,"href":"https:\/\/mariswiss.com\/sv\/wp-json\/wp\/v2\/product_cat?post=18881"},{"taxonomy":"product_tag","embeddable":true,"href":"https:\/\/mariswiss.com\/sv\/wp-json\/wp\/v2\/product_tag?post=18881"}],"curies":[{"name":"wp","href":"https:\/\/api.w.org\/{rel}","templated":true}]}}