{"id":18887,"date":"2024-07-23T18:10:56","date_gmt":"2024-07-23T18:10:56","guid":{"rendered":"https:\/\/mariswiss.com\/?post_type=product&#038;p=18887"},"modified":"2025-07-15T15:47:05","modified_gmt":"2025-07-15T15:47:05","slug":"cali-cheese-cbd-greenhouse","status":"publish","type":"product","link":"https:\/\/mariswiss.com\/sv\/product\/cali-cheese-cbd-greenhouse\/","title":{"rendered":"Cali Cheese CBD V\u00e4xthus"},"content":{"rendered":"","protected":false},"excerpt":{"rendered":"<p><strong>Cali Cheese CBD V\u00e4xthus<\/strong><\/p>\n<p><strong>Ursprung<\/strong> Den h\u00e4r sorten kommer fr\u00e5n ett v\u00e4xthus i Biel, d\u00e4r svala f\u00f6rh\u00e5llanden, ren, v\u00e4lsk\u00f6tt jord och den nya generationens v\u00e4xthus garanterar optimal kvalitet.<\/p>\n<p><strong>Aspekt<\/strong> En stor blomma med en n\u00e5got m\u00f6rkgr\u00f6n f\u00e4rg.<\/p>\n<p><strong>Lukt \/ smak<\/strong> Dess naturliga, distinkta smak g\u00f6r den l\u00e4tt att k\u00e4nna igen och ger utm\u00e4rkt valuta f\u00f6r pengarna.<\/p>\n<p><strong>Niv\u00e5 av CBD \/ effekter<\/strong> Denna blomma har ett CBD-inneh\u00e5ll p\u00e5 17%, vilket ger m\u00e5ttliga avslappnande effekter.<\/p>","protected":false},"featured_media":20085,"comment_status":"open","ping_status":"closed","template":"","meta":{"inline_featured_image":false},"product_cat":[353,352,355],"product_tag":[227],"class_list":{"0":"post-18887","1":"product","2":"type-product","3":"status-publish","4":"has-post-thumbnail","6":"product_brand-mari-swiss","7":"product_cat-fleurs-de-cbd","8":"product_cat-cbd","9":"product_cat-greenhouse","10":"product_tag-greenhouse","12":"first","13":"instock","14":"sale","15":"taxable","16":"shipping-taxable","17":"purchasable","18":"product-type-variable"},"jetpack_sharing_enabled":true,"_links":{"self":[{"href":"https:\/\/mariswiss.com\/sv\/wp-json\/wp\/v2\/product\/18887","targetHints":{"allow":["GET"]}}],"collection":[{"href":"https:\/\/mariswiss.com\/sv\/wp-json\/wp\/v2\/product"}],"about":[{"href":"https:\/\/mariswiss.com\/sv\/wp-json\/wp\/v2\/types\/product"}],"replies":[{"embeddable":true,"href":"https:\/\/mariswiss.com\/sv\/wp-json\/wp\/v2\/comments?post=18887"}],"wp:featuredmedia":[{"embeddable":true,"href":"https:\/\/mariswiss.com\/sv\/wp-json\/wp\/v2\/media\/20085"}],"wp:attachment":[{"href":"https:\/\/mariswiss.com\/sv\/wp-json\/wp\/v2\/media?parent=18887"}],"wp:term":[{"taxonomy":"product_cat","embeddable":true,"href":"https:\/\/mariswiss.com\/sv\/wp-json\/wp\/v2\/product_cat?post=18887"},{"taxonomy":"product_tag","embeddable":true,"href":"https:\/\/mariswiss.com\/sv\/wp-json\/wp\/v2\/product_tag?post=18887"}],"curies":[{"name":"wp","href":"https:\/\/api.w.org\/{rel}","templated":true}]}}