{"id":19290,"date":"2024-09-10T13:12:57","date_gmt":"2024-09-10T13:12:57","guid":{"rendered":"https:\/\/mariswiss.com\/?post_type=product&#038;p=19290"},"modified":"2025-11-25T15:52:06","modified_gmt":"2025-11-25T15:52:06","slug":"hq-x-ct-indoor-cbn","status":"publish","type":"product","link":"https:\/\/mariswiss.com\/sv\/product\/hq-x-ct-indoor-cbn\/","title":{"rendered":"HQ x CT indoor CBN"},"content":{"rendered":"","protected":false},"excerpt":{"rendered":"<p><strong>HQ x CT indoor CBN<\/strong><\/p>\n<p><strong>Ursprung<\/strong> Den h\u00e4r sorten odlas inomhus av passionerade och engagerade odlare, vilket garanterar h\u00f6gsta m\u00f6jliga kvalitet fr\u00e5n Schweiz.<\/p>\n<p><strong>Aspekt<\/strong> Ljusa, stora, kompakta blommor. Den vita f\u00e4rgen kommer fr\u00e5n HSD, en smart blandning av CBD-isolat och naturligt pollen.<\/p>\n<p><strong style=\"font-size: 14.4px;\">Lukt \/ smak<\/strong><span style=\"font-size: 14.4px;\"> Cannatonic: Detta \u00e4r en Cannatonic och Harlequin hybrid, s\u00e5 det \u00e4r en mycket v\u00e4lsmakande, lite s\u00f6t blomma med inslag av Haze.<\/span><\/p>\n<p><strong>CBD-niv\u00e5er och effekter<\/strong> : Cette fleur affiche un taux de CBD de 16%, et 10% de CBN<\/p>","protected":false},"featured_media":19295,"comment_status":"open","ping_status":"closed","template":"","meta":{"inline_featured_image":false},"product_cat":[360,361],"product_tag":[76,252],"class_list":{"0":"post-19290","1":"product","2":"type-product","3":"status-publish","4":"has-post-thumbnail","6":"product_cat-thcp","7":"product_cat-fleurs-de-thcp","8":"product_tag-indoor","9":"product_tag-mini-buds","11":"first","12":"outofstock","13":"sale","14":"taxable","15":"shipping-taxable","16":"purchasable","17":"product-type-variable"},"jetpack_sharing_enabled":true,"_links":{"self":[{"href":"https:\/\/mariswiss.com\/sv\/wp-json\/wp\/v2\/product\/19290","targetHints":{"allow":["GET"]}}],"collection":[{"href":"https:\/\/mariswiss.com\/sv\/wp-json\/wp\/v2\/product"}],"about":[{"href":"https:\/\/mariswiss.com\/sv\/wp-json\/wp\/v2\/types\/product"}],"replies":[{"embeddable":true,"href":"https:\/\/mariswiss.com\/sv\/wp-json\/wp\/v2\/comments?post=19290"}],"wp:featuredmedia":[{"embeddable":true,"href":"https:\/\/mariswiss.com\/sv\/wp-json\/wp\/v2\/media\/19295"}],"wp:attachment":[{"href":"https:\/\/mariswiss.com\/sv\/wp-json\/wp\/v2\/media?parent=19290"}],"wp:term":[{"taxonomy":"product_cat","embeddable":true,"href":"https:\/\/mariswiss.com\/sv\/wp-json\/wp\/v2\/product_cat?post=19290"},{"taxonomy":"product_tag","embeddable":true,"href":"https:\/\/mariswiss.com\/sv\/wp-json\/wp\/v2\/product_tag?post=19290"}],"curies":[{"name":"wp","href":"https:\/\/api.w.org\/{rel}","templated":true}]}}