{"id":19505,"date":"2024-10-05T08:57:08","date_gmt":"2024-10-05T08:57:08","guid":{"rendered":"https:\/\/mariswiss.com\/?post_type=product&#038;p=19505"},"modified":"2025-07-15T15:38:43","modified_gmt":"2025-07-15T15:38:43","slug":"skywalker-cbd-indoor","status":"publish","type":"product","link":"https:\/\/mariswiss.com\/sv\/product\/skywalker-cbd-indoor\/","title":{"rendered":"SkyWalker CBD - inomhus"},"content":{"rendered":"","protected":false},"excerpt":{"rendered":"<h3>SkyWalker CBD - inomhus<\/h3>\n<p><strong>Ursprung :<\/strong> Denna sort odlas inomhus i kantonen Vaud i Schweiz och utm\u00e4rker sig f\u00f6r sin sk\u00f6nhet och exceptionella kvalitet.<\/p>\n<p><strong>Utseende :<\/strong> En magnifik, kompakt blomma med m\u00f6rkgr\u00f6n f\u00e4rg och vackra orangef\u00e4rgade pistiller.<\/p>\n<p><strong>Lukt\/smak :<\/strong> N\u00e4r du dricker det kommer du att k\u00e4nna dess fulla kraft. En riktig karakt\u00e4rsblomma, med syrliga toner och en eftersmak av exotisk frukt.<\/p>\n<p><strong>CBD-inneh\u00e5ll \/ effekter :<\/strong> Denna blomma har ett CBD-inneh\u00e5ll p\u00e5 23%, vilket ger kraftfulla, avslappnande effekter.<\/p>","protected":false},"featured_media":19524,"comment_status":"open","ping_status":"closed","template":"","meta":{"inline_featured_image":false},"product_cat":[352,353,354,15],"product_tag":[],"class_list":{"0":"post-19505","1":"product","2":"type-product","3":"status-publish","4":"has-post-thumbnail","6":"product_cat-cbd","7":"product_cat-fleurs-de-cbd","8":"product_cat-indoor","9":"product_cat-uncategorized","11":"first","12":"instock","13":"sale","14":"taxable","15":"shipping-taxable","16":"purchasable","17":"product-type-variable"},"jetpack_sharing_enabled":true,"_links":{"self":[{"href":"https:\/\/mariswiss.com\/sv\/wp-json\/wp\/v2\/product\/19505","targetHints":{"allow":["GET"]}}],"collection":[{"href":"https:\/\/mariswiss.com\/sv\/wp-json\/wp\/v2\/product"}],"about":[{"href":"https:\/\/mariswiss.com\/sv\/wp-json\/wp\/v2\/types\/product"}],"replies":[{"embeddable":true,"href":"https:\/\/mariswiss.com\/sv\/wp-json\/wp\/v2\/comments?post=19505"}],"wp:featuredmedia":[{"embeddable":true,"href":"https:\/\/mariswiss.com\/sv\/wp-json\/wp\/v2\/media\/19524"}],"wp:attachment":[{"href":"https:\/\/mariswiss.com\/sv\/wp-json\/wp\/v2\/media?parent=19505"}],"wp:term":[{"taxonomy":"product_cat","embeddable":true,"href":"https:\/\/mariswiss.com\/sv\/wp-json\/wp\/v2\/product_cat?post=19505"},{"taxonomy":"product_tag","embeddable":true,"href":"https:\/\/mariswiss.com\/sv\/wp-json\/wp\/v2\/product_tag?post=19505"}],"curies":[{"name":"wp","href":"https:\/\/api.w.org\/{rel}","templated":true}]}}