{"id":19530,"date":"2024-10-05T09:00:06","date_gmt":"2024-10-05T09:00:06","guid":{"rendered":"https:\/\/mariswiss.com\/?post_type=product&#038;p=19530"},"modified":"2026-04-17T09:03:54","modified_gmt":"2026-04-17T09:03:54","slug":"bubble-gum-indoor-cbd","status":"publish","type":"product","link":"https:\/\/mariswiss.com\/sv\/product\/bubble-gum-indoor-cbd\/","title":{"rendered":"Bubble Gum inomhus CBD"},"content":{"rendered":"","protected":false},"excerpt":{"rendered":"<h3>Bubble Gum inomhus CBD<\/h3>\n<p><strong>Ursprung :<\/strong> Denna sort odlas inomhus i Schweiz och utm\u00e4rker sig genom sina medelstora knoppar (1 till 3 cm) och sin exceptionellt fruktiga karakt\u00e4r.<\/p>\n<p><strong>Utseende :<\/strong> Attraktiva, kompakta knoppar med en ljusgr\u00f6n nyans, prickade med lysande orange pistiller.<\/p>\n<p><strong>Lukt\/smak :<\/strong> En explosion av fruktiga smaker som p\u00e5minner om tuggummi och ger en unik, len smakupplevelse.<\/p>\n<p><strong>CBD-inneh\u00e5ll \/ effekter :<\/strong> Denna blomma har en avslappnande effekt tack vare sin h\u00f6ga niv\u00e5 av 21% CBD, perfekt f\u00f6r en stunds avkoppling.<\/p>","protected":false},"featured_media":19535,"comment_status":"open","ping_status":"closed","template":"","meta":{"inline_featured_image":false},"product_cat":[352,353,354,15],"product_tag":[],"class_list":{"0":"post-19530","1":"product","2":"type-product","3":"status-publish","4":"has-post-thumbnail","6":"product_cat-cbd","7":"product_cat-fleurs-de-cbd","8":"product_cat-indoor","9":"product_cat-uncategorized","11":"first","12":"instock","13":"sale","14":"taxable","15":"shipping-taxable","16":"purchasable","17":"product-type-variable"},"jetpack_sharing_enabled":true,"_links":{"self":[{"href":"https:\/\/mariswiss.com\/sv\/wp-json\/wp\/v2\/product\/19530","targetHints":{"allow":["GET"]}}],"collection":[{"href":"https:\/\/mariswiss.com\/sv\/wp-json\/wp\/v2\/product"}],"about":[{"href":"https:\/\/mariswiss.com\/sv\/wp-json\/wp\/v2\/types\/product"}],"replies":[{"embeddable":true,"href":"https:\/\/mariswiss.com\/sv\/wp-json\/wp\/v2\/comments?post=19530"}],"wp:featuredmedia":[{"embeddable":true,"href":"https:\/\/mariswiss.com\/sv\/wp-json\/wp\/v2\/media\/19535"}],"wp:attachment":[{"href":"https:\/\/mariswiss.com\/sv\/wp-json\/wp\/v2\/media?parent=19530"}],"wp:term":[{"taxonomy":"product_cat","embeddable":true,"href":"https:\/\/mariswiss.com\/sv\/wp-json\/wp\/v2\/product_cat?post=19530"},{"taxonomy":"product_tag","embeddable":true,"href":"https:\/\/mariswiss.com\/sv\/wp-json\/wp\/v2\/product_tag?post=19530"}],"curies":[{"name":"wp","href":"https:\/\/api.w.org\/{rel}","templated":true}]}}