{"id":19651,"date":"2024-11-05T14:25:55","date_gmt":"2024-11-05T14:25:55","guid":{"rendered":"https:\/\/mariswiss.com\/?post_type=product&#038;p=19651"},"modified":"2026-01-28T23:21:19","modified_gmt":"2026-01-28T23:21:19","slug":"king-hassan-hsd","status":"publish","type":"product","link":"https:\/\/mariswiss.com\/sv\/product\/king-hassan-hsd\/","title":{"rendered":"Kung Hassan"},"content":{"rendered":"<p>Ett nytt tillskott i v\u00e5rt sortiment av hartser och HSD-produkter.<\/p>\n<p>King Hassan \u00e4r en kraftfull, mycket v\u00e4ldoftande hasch med starka kryddiga toner. Vi har den ocks\u00e5 i v\u00e5rt CBD-sortiment, oinfunderad.<\/p>\n<p>Om du gillar starka, m\u00f6rka, fuktiga hartser, kommer denna hash att gl\u00e4dja dig varje g\u00e5ng.<\/p>","protected":false},"excerpt":{"rendered":"<p><strong>King Hassan HSD<\/strong><\/p>\n<ul>\n<li>Ursprung: Denna produkt framst\u00e4lls i laboratoriet hos v\u00e5ra producenter i tysktalande Schweiz med hj\u00e4lp av pollen fr\u00e5n inomhusblommor. HSD-molekyl tillsatt under beredningen.<\/li>\n<li>Utseende: Denna hash \u00e4r m\u00f6rk, sl\u00e4t och n\u00e5got oljig.<\/li>\n<li>Lukt \/ smak: King Hassan \u00e4r en hash som \u00e4r k\u00e4nd \u00f6ver hela v\u00e4rlden f\u00f6r sin distinkta, kraftfulla, peppriga lukt. N\u00e4r du br\u00e4nner det kommer du att lukta den starka kryddiga aromen, och n\u00e4r du konsumerar den kommer du att uppleva den fulla kraften i dess terpener.<\/li>\n<li>CBD-inneh\u00e5ll \/ effekter: Inneh\u00e5ller 28% av CBD och 10% av HSD, denna hash ger dig en trevlig, avslappnad h\u00f6g som \u00e4r ganska mild men inte f\u00f6rsumbar.<\/li>\n<\/ul>\n<ul>\n<li style=\"list-style-type: none;\"><\/li>\n<\/ul>","protected":false},"featured_media":19685,"comment_status":"open","ping_status":"closed","template":"","meta":{"inline_featured_image":false},"product_cat":[352,357,360],"product_tag":[244,76],"class_list":{"0":"post-19651","1":"product","2":"type-product","3":"status-publish","4":"has-post-thumbnail","6":"product_brand-mari-swiss","7":"product_cat-cbd","8":"product_cat-resines-de-cbd","9":"product_cat-thcp","10":"product_tag-hash","11":"product_tag-indoor","13":"first","14":"instock","15":"sale","16":"taxable","17":"shipping-taxable","18":"purchasable","19":"product-type-variable","20":"has-default-attributes"},"jetpack_sharing_enabled":true,"_links":{"self":[{"href":"https:\/\/mariswiss.com\/sv\/wp-json\/wp\/v2\/product\/19651","targetHints":{"allow":["GET"]}}],"collection":[{"href":"https:\/\/mariswiss.com\/sv\/wp-json\/wp\/v2\/product"}],"about":[{"href":"https:\/\/mariswiss.com\/sv\/wp-json\/wp\/v2\/types\/product"}],"replies":[{"embeddable":true,"href":"https:\/\/mariswiss.com\/sv\/wp-json\/wp\/v2\/comments?post=19651"}],"wp:featuredmedia":[{"embeddable":true,"href":"https:\/\/mariswiss.com\/sv\/wp-json\/wp\/v2\/media\/19685"}],"wp:attachment":[{"href":"https:\/\/mariswiss.com\/sv\/wp-json\/wp\/v2\/media?parent=19651"}],"wp:term":[{"taxonomy":"product_cat","embeddable":true,"href":"https:\/\/mariswiss.com\/sv\/wp-json\/wp\/v2\/product_cat?post=19651"},{"taxonomy":"product_tag","embeddable":true,"href":"https:\/\/mariswiss.com\/sv\/wp-json\/wp\/v2\/product_tag?post=19651"}],"curies":[{"name":"wp","href":"https:\/\/api.w.org\/{rel}","templated":true}]}}