{"id":19900,"date":"2025-01-17T15:14:13","date_gmt":"2025-01-17T15:14:13","guid":{"rendered":"https:\/\/mariswiss.com\/?post_type=product&#038;p=19900"},"modified":"2026-04-02T08:10:42","modified_gmt":"2026-04-02T08:10:42","slug":"gold-ketama-thv","status":"publish","type":"product","link":"https:\/\/mariswiss.com\/sv\/product\/gold-ketama-thv\/","title":{"rendered":"Gold Ketama THV"},"content":{"rendered":"","protected":false},"excerpt":{"rendered":"<p><strong>Gold Ketama THV<\/strong><\/p>\n<ul>\n<li>Origine: Ce produit provient du pollen de fleurs indoors, et donc un pollen pur et 100% naturel, de top qualit\u00e9. Fleurs cultiv\u00e9es en Suisse<\/li>\n<li>Aspect: Une r\u00e9sine moelleuse et l\u00e9g\u00e8rement mousseuse. Tr\u00e8s facile a effriter et \u00e0 utiliser.<\/li>\n<li>Odeur \/ Go\u00fbt: Des notes bois\u00e9es et naturelles qui ressortent, et qui sont non sans rappeler les hash d&#8217;avant.<\/li>\n<li>Taux de CBD \/ Effets : Contenant 25% de CBD et 10% de la nouvelle mol\u00e9cule l\u00e9gale le THV, c&#8217;est une r\u00e9sine puissante et qui donne des effets forts.<\/li>\n<\/ul>\n<ul>\n<li style=\"list-style-type: none;\"><\/li>\n<\/ul>","protected":false},"featured_media":19906,"comment_status":"open","ping_status":"closed","template":"","meta":{"inline_featured_image":false},"product_cat":[357,360],"product_tag":[244,76,494],"class_list":{"0":"post-19900","1":"product","2":"type-product","3":"status-publish","4":"has-post-thumbnail","6":"product_brand-mari-swiss","7":"product_cat-resines-de-cbd","8":"product_cat-thcp","9":"product_tag-hash","10":"product_tag-indoor","11":"product_tag-thv","13":"first","14":"instock","15":"sale","16":"taxable","17":"shipping-taxable","18":"purchasable","19":"product-type-variable","20":"has-default-attributes"},"jetpack_sharing_enabled":true,"_links":{"self":[{"href":"https:\/\/mariswiss.com\/sv\/wp-json\/wp\/v2\/product\/19900","targetHints":{"allow":["GET"]}}],"collection":[{"href":"https:\/\/mariswiss.com\/sv\/wp-json\/wp\/v2\/product"}],"about":[{"href":"https:\/\/mariswiss.com\/sv\/wp-json\/wp\/v2\/types\/product"}],"replies":[{"embeddable":true,"href":"https:\/\/mariswiss.com\/sv\/wp-json\/wp\/v2\/comments?post=19900"}],"wp:featuredmedia":[{"embeddable":true,"href":"https:\/\/mariswiss.com\/sv\/wp-json\/wp\/v2\/media\/19906"}],"wp:attachment":[{"href":"https:\/\/mariswiss.com\/sv\/wp-json\/wp\/v2\/media?parent=19900"}],"wp:term":[{"taxonomy":"product_cat","embeddable":true,"href":"https:\/\/mariswiss.com\/sv\/wp-json\/wp\/v2\/product_cat?post=19900"},{"taxonomy":"product_tag","embeddable":true,"href":"https:\/\/mariswiss.com\/sv\/wp-json\/wp\/v2\/product_tag?post=19900"}],"curies":[{"name":"wp","href":"https:\/\/api.w.org\/{rel}","templated":true}]}}