{"id":20634,"date":"2025-10-02T14:40:35","date_gmt":"2025-10-02T14:40:35","guid":{"rendered":"https:\/\/mariswiss.com\/?post_type=product&#038;p=20634"},"modified":"2025-10-02T14:53:17","modified_gmt":"2025-10-02T14:53:17","slug":"v1-indoor-small-buds-cbd","status":"publish","type":"product","link":"https:\/\/mariswiss.com\/sv\/product\/v1-indoor-small-buds-cbd\/","title":{"rendered":"V1 Indoor small buds CBD"},"content":{"rendered":"<p><span style=\"text-decoration: underline;\"><strong>V1 INDOOR SMALL BUDS CBD\u00a0<\/strong><\/span><\/p>\n<ul>\n<li>Origine: Cultiv\u00e9e en int\u00e9rieur (indoor culture) dans le canton de Zurich. Les conditions de culture sont parfaites (temp\u00e9rature, humidit\u00e9, lumi\u00e8re contr\u00f4l\u00e9es).<\/li>\n<li>Aspect: Assortiment de fleurs de petit calibre, compactes et tr\u00e8s claires. La clart\u00e9 de la fleur provient du pollen enrichi sur cette vari\u00e9t\u00e9<\/li>\n<li>Odeur \/ go\u00fbt: Une odeur plut\u00f4t bois\u00e9e et poivr\u00e9e, typique de la g\u00e9n\u00e9tique V1.<\/li>\n<li>Taux de CBD \/ effets : 19% de CBD pour cette fleur. Pas trop puissante, id\u00e9ale pour une consommation en journ\u00e9e, comme en soir\u00e9e.<\/li>\n<\/ul>","protected":false},"excerpt":{"rendered":"<p><span style=\"text-decoration: underline;\"><strong>V1 INDOOR SMALL BUDS CBD\u00a0<\/strong><\/span><\/p>\n<ul>\n<li>Origine: Cultiv\u00e9e en int\u00e9rieur (indoor culture) dans le canton de Zurich. Les conditions de culture sont parfaites (temp\u00e9rature, humidit\u00e9, lumi\u00e8re contr\u00f4l\u00e9es).<\/li>\n<li>Aspect: Assortiment de fleurs de petit calibre, compactes et tr\u00e8s claires. La clart\u00e9 de la fleur provient du pollen enrichi sur cette vari\u00e9t\u00e9<\/li>\n<li>Odeur \/ go\u00fbt: Une odeur plut\u00f4t bois\u00e9e et poivr\u00e9e, typique de la g\u00e9n\u00e9tique V1.<\/li>\n<li>Taux de CBD \/ effets : 19% de CBD pour cette fleur. Pas trop puissante, id\u00e9ale pour une consommation en journ\u00e9e, comme en soir\u00e9e.<\/li>\n<\/ul>","protected":false},"featured_media":20641,"comment_status":"open","ping_status":"closed","template":"","meta":{"inline_featured_image":false},"product_cat":[353,354,407],"product_tag":[220,76],"class_list":{"0":"post-20634","1":"product","2":"type-product","3":"status-publish","4":"has-post-thumbnail","6":"product_brand-mari-swiss","7":"product_cat-fleurs-de-cbd","8":"product_cat-indoor","9":"product_cat-mini-buds","10":"product_tag-fleurs-cbd","11":"product_tag-indoor","13":"first","14":"instock","15":"sale","16":"taxable","17":"shipping-taxable","18":"purchasable","19":"product-type-variable"},"jetpack_sharing_enabled":true,"_links":{"self":[{"href":"https:\/\/mariswiss.com\/sv\/wp-json\/wp\/v2\/product\/20634","targetHints":{"allow":["GET"]}}],"collection":[{"href":"https:\/\/mariswiss.com\/sv\/wp-json\/wp\/v2\/product"}],"about":[{"href":"https:\/\/mariswiss.com\/sv\/wp-json\/wp\/v2\/types\/product"}],"replies":[{"embeddable":true,"href":"https:\/\/mariswiss.com\/sv\/wp-json\/wp\/v2\/comments?post=20634"}],"wp:featuredmedia":[{"embeddable":true,"href":"https:\/\/mariswiss.com\/sv\/wp-json\/wp\/v2\/media\/20641"}],"wp:attachment":[{"href":"https:\/\/mariswiss.com\/sv\/wp-json\/wp\/v2\/media?parent=20634"}],"wp:term":[{"taxonomy":"product_cat","embeddable":true,"href":"https:\/\/mariswiss.com\/sv\/wp-json\/wp\/v2\/product_cat?post=20634"},{"taxonomy":"product_tag","embeddable":true,"href":"https:\/\/mariswiss.com\/sv\/wp-json\/wp\/v2\/product_tag?post=20634"}],"curies":[{"name":"wp","href":"https:\/\/api.w.org\/{rel}","templated":true}]}}