{"id":8371,"date":"2023-10-13T12:27:19","date_gmt":"2023-10-13T12:27:19","guid":{"rendered":"https:\/\/mariswiss.com\/?post_type=product&#038;p=8371"},"modified":"2025-07-11T08:19:22","modified_gmt":"2025-07-11T08:19:22","slug":"raw-connoisseur-king-size-slim-filtres","status":"publish","type":"product","link":"https:\/\/mariswiss.com\/sv\/product\/raw-connoisseur-king-size-slim-filtres\/","title":{"rendered":"Raw Connoisseur King Size Slim + Filter"},"content":{"rendered":"<p>RAW King Size Slim + filter. 2 viktiga element kombinerade i ett enda paket f\u00f6r att g\u00f6ra din konsumtion enklare. Arken inneh\u00e5ller en hybridblandning av oblekta fibrer (inte blekta med klor). Papperet har en naturlig genomskinlig ljusbrun f\u00e4rg. RAW-papperet \u00e4r s\u00e5 tunt att du kan se igenom det. Varje papper har den patenterade CrissCross-vattenst\u00e4mpeln.<\/p>\n<p>F\u00f6r att du ska f\u00e5 b\u00e4sta m\u00f6jliga smakupplevelse s\u00e4ljer vi bara produkter av h\u00f6gsta kvalitet, k\u00e4nda \u00f6ver hela v\u00e4rlden f\u00f6r sin fina struktur och framf\u00f6r allt tillverkade av f\u00f6rstklassiga material och r\u00e5varor.<\/p>\n<p>Priserna \u00e4r ocks\u00e5 mycket attraktiva f\u00f6r denna typ av produkt, s\u00e5 tveka inte att l\u00e4gga till dem i din best\u00e4llning!<\/p>","protected":false},"excerpt":{"rendered":"<p><strong>32 ark och 32 filter per f\u00f6rpackning<\/strong><\/p>\n<p>Raw Connoisseur King Size Slim ark och filter i ett enda paket. RAW Connoisseur kombinerar tv\u00e5 viktiga element f\u00f6r din konsumtion i en enda design.<br \/>\nRAW-papper inneh\u00e5ller en hybridblandning av oblekta fibrer (inte klorblekta) och papperet har en naturlig genomskinlig ljusbrun f\u00e4rg. RAW \u00e4r s\u00e5 tunt att man kan se igenom det. Varje papper har den patenterade CrissCross-vattenst\u00e4mpeln. Detta speciella vattenm\u00e4rke f\u00f6rhindrar genombl\u00f6dning och bevarar de j\u00e4mnt brinnande egenskaper som vi \u00e4r k\u00e4nda f\u00f6r.<br \/>\nRAW-filter \u00e4r tillverkade av 100% klorfritt papper.<\/p>","protected":false},"featured_media":8372,"comment_status":"open","ping_status":"closed","template":"","meta":{"inline_featured_image":false},"product_cat":[15,366,369],"product_tag":[217,218],"class_list":{"0":"post-8371","1":"product","2":"type-product","3":"status-publish","4":"has-post-thumbnail","6":"product_brand-raw","7":"product_cat-uncategorized","8":"product_cat-accessoires","9":"product_cat-feuilles-a-rouler","10":"product_tag-feuilles","11":"product_tag-filtres","13":"first","14":"outofstock","15":"taxable","16":"shipping-taxable","17":"purchasable","18":"product-type-simple"},"jetpack_sharing_enabled":true,"_links":{"self":[{"href":"https:\/\/mariswiss.com\/sv\/wp-json\/wp\/v2\/product\/8371","targetHints":{"allow":["GET"]}}],"collection":[{"href":"https:\/\/mariswiss.com\/sv\/wp-json\/wp\/v2\/product"}],"about":[{"href":"https:\/\/mariswiss.com\/sv\/wp-json\/wp\/v2\/types\/product"}],"replies":[{"embeddable":true,"href":"https:\/\/mariswiss.com\/sv\/wp-json\/wp\/v2\/comments?post=8371"}],"wp:featuredmedia":[{"embeddable":true,"href":"https:\/\/mariswiss.com\/sv\/wp-json\/wp\/v2\/media\/8372"}],"wp:attachment":[{"href":"https:\/\/mariswiss.com\/sv\/wp-json\/wp\/v2\/media?parent=8371"}],"wp:term":[{"taxonomy":"product_cat","embeddable":true,"href":"https:\/\/mariswiss.com\/sv\/wp-json\/wp\/v2\/product_cat?post=8371"},{"taxonomy":"product_tag","embeddable":true,"href":"https:\/\/mariswiss.com\/sv\/wp-json\/wp\/v2\/product_tag?post=8371"}],"curies":[{"name":"wp","href":"https:\/\/api.w.org\/{rel}","templated":true}]}}