{"id":8380,"date":"2023-10-13T12:27:19","date_gmt":"2023-10-13T12:27:19","guid":{"rendered":"https:\/\/mariswiss.com\/?post_type=product&#038;p=8380"},"modified":"2025-09-06T04:19:27","modified_gmt":"2025-09-06T04:19:27","slug":"raw-organic-king-size-slim-filtres","status":"publish","type":"product","link":"https:\/\/mariswiss.com\/sv\/product\/raw-organic-king-size-slim-filtres\/","title":{"rendered":"Raw Organic King Size Slim + Filter"},"content":{"rendered":"<p>RAW presenterar de f\u00f6rsta helt ekologiska och veganska rullpappren. Tillverkade med h\u00e5llbara och ekologiska metoder.<\/p>\n<p>Ett papper som brinner f\u00f6rsiktigt, f\u00f6r att s\u00e4kerst\u00e4lla kvalitetsprovning och utm\u00e4rkt avkoppling.<\/p>\n<p>F\u00f6r att du ska f\u00e5 b\u00e4sta m\u00f6jliga smakupplevelse s\u00e4ljer vi bara produkter av h\u00f6gsta kvalitet. De \u00e4r erk\u00e4nda v\u00e4rlden \u00f6ver f\u00f6r sin fina struktur och tillverkas framf\u00f6r allt av f\u00f6rstklassiga material och r\u00e5varor.<\/p>\n<p>Priserna \u00e4r ocks\u00e5 mycket attraktiva f\u00f6r denna typ av produkt, s\u00e5 tveka inte att l\u00e4gga till dem i din best\u00e4llning!<\/p>","protected":false},"excerpt":{"rendered":"<p>RAW presenterar de f\u00f6rsta helt ekologiska och veganska rullpappren. Tillverkade med h\u00e5llbara och ekologiska metoder. Ett papper som brinner f\u00f6rsiktigt, f\u00f6r att s\u00e4kerst\u00e4lla kvalitetssmakning och utm\u00e4rkt avkoppling.<\/p>","protected":false},"featured_media":8382,"comment_status":"open","ping_status":"closed","template":"","meta":{"inline_featured_image":false},"product_cat":[15,366,369],"product_tag":[217,218],"class_list":{"0":"post-8380","1":"product","2":"type-product","3":"status-publish","4":"has-post-thumbnail","6":"product_brand-raw","7":"product_cat-uncategorized","8":"product_cat-accessoires","9":"product_cat-feuilles-a-rouler","10":"product_tag-feuilles","11":"product_tag-filtres","13":"first","14":"instock","15":"taxable","16":"shipping-taxable","17":"purchasable","18":"product-type-simple"},"jetpack_sharing_enabled":true,"_links":{"self":[{"href":"https:\/\/mariswiss.com\/sv\/wp-json\/wp\/v2\/product\/8380","targetHints":{"allow":["GET"]}}],"collection":[{"href":"https:\/\/mariswiss.com\/sv\/wp-json\/wp\/v2\/product"}],"about":[{"href":"https:\/\/mariswiss.com\/sv\/wp-json\/wp\/v2\/types\/product"}],"replies":[{"embeddable":true,"href":"https:\/\/mariswiss.com\/sv\/wp-json\/wp\/v2\/comments?post=8380"}],"wp:featuredmedia":[{"embeddable":true,"href":"https:\/\/mariswiss.com\/sv\/wp-json\/wp\/v2\/media\/8382"}],"wp:attachment":[{"href":"https:\/\/mariswiss.com\/sv\/wp-json\/wp\/v2\/media?parent=8380"}],"wp:term":[{"taxonomy":"product_cat","embeddable":true,"href":"https:\/\/mariswiss.com\/sv\/wp-json\/wp\/v2\/product_cat?post=8380"},{"taxonomy":"product_tag","embeddable":true,"href":"https:\/\/mariswiss.com\/sv\/wp-json\/wp\/v2\/product_tag?post=8380"}],"curies":[{"name":"wp","href":"https:\/\/api.w.org\/{rel}","templated":true}]}}