{"id":8384,"date":"2023-10-13T12:27:19","date_gmt":"2023-10-13T12:27:19","guid":{"rendered":"https:\/\/mariswiss.com\/?post_type=product&#038;p=8384"},"modified":"2025-11-25T20:04:45","modified_gmt":"2025-11-25T20:04:45","slug":"raw-organic-king-size-slim","status":"publish","type":"product","link":"https:\/\/mariswiss.com\/sv\/product\/raw-organic-king-size-slim\/","title":{"rendered":"Raw Organic King Size Slim (32 ark \/ f\u00f6rpackning)"},"content":{"rendered":"<p>RAW Organic-papper \u00e4r tillverkat av naturlig, oblekt hampa. Odlad och sk\u00f6rdad med h\u00e5llbara metoder. Varje papper \u00e4r m\u00e4rkt med en korsformad vattenst\u00e4mpel. Denna speciella vattenst\u00e4mpel hj\u00e4lper till att f\u00f6rhindra dropp och h\u00e5ller br\u00e4nningen s\u00e5 j\u00e4mn som m\u00f6jligt!<\/p>\n<p>Blad av h\u00f6gsta kvalitet f\u00f6r perfekt smak!<\/p>\n<p>F\u00f6r att du ska f\u00e5 b\u00e4sta m\u00f6jliga valuta f\u00f6r pengarna s\u00e4ljer vi endast produkter av h\u00f6gsta kvalitet, k\u00e4nda \u00f6ver hela v\u00e4rlden f\u00f6r sin fina struktur, och framf\u00f6r allt tillverkade av f\u00f6rstklassiga material och r\u00e5varor.<\/p>\n<p>Priserna \u00e4r ocks\u00e5 mycket attraktiva f\u00f6r denna typ av produkt, s\u00e5 tveka inte att l\u00e4gga till dem i din best\u00e4llning!<\/p>","protected":false},"excerpt":{"rendered":"<p><strong>32 ark per f\u00f6rpackning<\/strong><\/p>\n<p>Raw Organic King Size Slim-papper \u00e4r tillverkade av naturlig, oblekt hampa som odlas och sk\u00f6rdas med h\u00e5llbara metoder. Varje papper \u00e4r m\u00e4rkt med en korsformad vattenst\u00e4mpel: denna speciella vattenst\u00e4mpel hj\u00e4lper till att f\u00f6rhindra dropp och h\u00e5ller f\u00f6rbr\u00e4nningen s\u00e5 j\u00e4mn som m\u00f6jligt!<\/p>\n<p>Blad av h\u00f6gsta kvalitet f\u00f6r perfekt smak!<\/p>","protected":false},"featured_media":8385,"comment_status":"open","ping_status":"closed","template":"","meta":{"inline_featured_image":false},"product_cat":[15,366,369],"product_tag":[217,218],"class_list":{"0":"post-8384","1":"product","2":"type-product","3":"status-publish","4":"has-post-thumbnail","6":"product_brand-raw","7":"product_cat-uncategorized","8":"product_cat-accessoires","9":"product_cat-feuilles-a-rouler","10":"product_tag-feuilles","11":"product_tag-filtres","13":"first","14":"instock","15":"taxable","16":"shipping-taxable","17":"purchasable","18":"product-type-simple"},"jetpack_sharing_enabled":true,"_links":{"self":[{"href":"https:\/\/mariswiss.com\/sv\/wp-json\/wp\/v2\/product\/8384","targetHints":{"allow":["GET"]}}],"collection":[{"href":"https:\/\/mariswiss.com\/sv\/wp-json\/wp\/v2\/product"}],"about":[{"href":"https:\/\/mariswiss.com\/sv\/wp-json\/wp\/v2\/types\/product"}],"replies":[{"embeddable":true,"href":"https:\/\/mariswiss.com\/sv\/wp-json\/wp\/v2\/comments?post=8384"}],"wp:featuredmedia":[{"embeddable":true,"href":"https:\/\/mariswiss.com\/sv\/wp-json\/wp\/v2\/media\/8385"}],"wp:attachment":[{"href":"https:\/\/mariswiss.com\/sv\/wp-json\/wp\/v2\/media?parent=8384"}],"wp:term":[{"taxonomy":"product_cat","embeddable":true,"href":"https:\/\/mariswiss.com\/sv\/wp-json\/wp\/v2\/product_cat?post=8384"},{"taxonomy":"product_tag","embeddable":true,"href":"https:\/\/mariswiss.com\/sv\/wp-json\/wp\/v2\/product_tag?post=8384"}],"curies":[{"name":"wp","href":"https:\/\/api.w.org\/{rel}","templated":true}]}}