{"id":8460,"date":"2023-10-13T12:27:46","date_gmt":"2023-10-13T12:27:46","guid":{"rendered":"https:\/\/mariswiss.com\/?post_type=product&#038;p=8460"},"modified":"2025-07-11T08:19:22","modified_gmt":"2025-07-11T08:19:22","slug":"filtres-raw-wide-hemp-cotton-25mm","status":"publish","type":"product","link":"https:\/\/mariswiss.com\/sv\/product\/filtres-raw-wide-hemp-cotton-25mm\/","title":{"rendered":"Filter av 25 mm bred hampabomull"},"content":{"rendered":"<p>Raw har alltid tillverkat utm\u00e4rkta papper utan kemikalier eller blekmedel. Nu har de lagt till perforering till denna underbara f\u00f6rm\u00e5ga!<br \/>\nRaw Perforated Tips inneb\u00e4r att du inte l\u00e4ngre har n\u00e5gon urs\u00e4kt f\u00f6r att rulla en cigarett av d\u00e5lig kvalitet. Perforeringarna kan b\u00f6jas f\u00f6r att skapa en \"z\"-form i kaffepannan. Detta bidrar till att kyla din r\u00f6k.<br \/>\nPiporna \u00e4r bredare \u00e4n vanligt, vilket \u00f6kar kylningen ytterligare och g\u00f6r dem idealiska f\u00f6r mycket stora cigaretter.<br \/>\nTillverkad av naturliga hampa- och bomullsfibrer.<\/p>\n<p>F\u00f6r att du ska f\u00e5 b\u00e4sta m\u00f6jliga smakupplevelse s\u00e4ljer vi bara produkter av h\u00f6gsta kvalitet. De \u00e4r v\u00e4rldsber\u00f6mda f\u00f6r sin struktur, och framf\u00f6r allt \u00e4r de tillverkade av f\u00f6rstklassiga material och r\u00e5varor.<\/p>\n<p>Priserna \u00e4r ocks\u00e5 mycket attraktiva f\u00f6r denna typ av produkt, s\u00e5 tveka inte att l\u00e4gga till dem i din best\u00e4llning!<\/p>","protected":false},"excerpt":{"rendered":"<p>Extra stora r\u00e5a nibs<br \/>\nPerforerad f\u00f6r enkel rullning<br \/>\nStorlek: 55x25mm<br \/>\n50 nibs per h\u00e4fte<\/p>\n<p>Z-veck f\u00f6r \u00e4nnu b\u00e4ttre filtrering av r\u00f6k<\/p>","protected":false},"featured_media":8461,"comment_status":"open","ping_status":"closed","template":"","meta":{"inline_featured_image":false},"product_cat":[15,366,368],"product_tag":[217,218],"class_list":{"0":"post-8460","1":"product","2":"type-product","3":"status-publish","4":"has-post-thumbnail","6":"product_brand-raw","7":"product_cat-uncategorized","8":"product_cat-accessoires","9":"product_cat-filtres","10":"product_tag-feuilles","11":"product_tag-filtres","13":"first","14":"instock","15":"taxable","16":"shipping-taxable","17":"purchasable","18":"product-type-simple"},"jetpack_sharing_enabled":true,"_links":{"self":[{"href":"https:\/\/mariswiss.com\/sv\/wp-json\/wp\/v2\/product\/8460","targetHints":{"allow":["GET"]}}],"collection":[{"href":"https:\/\/mariswiss.com\/sv\/wp-json\/wp\/v2\/product"}],"about":[{"href":"https:\/\/mariswiss.com\/sv\/wp-json\/wp\/v2\/types\/product"}],"replies":[{"embeddable":true,"href":"https:\/\/mariswiss.com\/sv\/wp-json\/wp\/v2\/comments?post=8460"}],"wp:featuredmedia":[{"embeddable":true,"href":"https:\/\/mariswiss.com\/sv\/wp-json\/wp\/v2\/media\/8461"}],"wp:attachment":[{"href":"https:\/\/mariswiss.com\/sv\/wp-json\/wp\/v2\/media?parent=8460"}],"wp:term":[{"taxonomy":"product_cat","embeddable":true,"href":"https:\/\/mariswiss.com\/sv\/wp-json\/wp\/v2\/product_cat?post=8460"},{"taxonomy":"product_tag","embeddable":true,"href":"https:\/\/mariswiss.com\/sv\/wp-json\/wp\/v2\/product_tag?post=8460"}],"curies":[{"name":"wp","href":"https:\/\/api.w.org\/{rel}","templated":true}]}}