{"id":8844,"date":"2023-10-13T12:28:58","date_gmt":"2023-10-13T12:28:58","guid":{"rendered":"https:\/\/mariswiss.com\/?post_type=product&#038;p=8844"},"modified":"2025-07-11T08:18:31","modified_gmt":"2025-07-11T08:18:31","slug":"filtres-a-charbon-active-actitube-slim-compact-travel-size","status":"publish","type":"product","link":"https:\/\/mariswiss.com\/sv\/product\/filtres-a-charbon-active-actitube-slim-compact-travel-size\/","title":{"rendered":"Actitube aktivt kolfilter | Slim Compact Resestorlek"},"content":{"rendered":"<p>Actitube kolfilter<\/p>\n<p>- Filterm\u00e5tt: 7 x 27 mm<br \/>\n- Keramiska lock p\u00e5 b\u00e5da sidor<br \/>\n- F\u00f6rpackningens m\u00e5tt: ca 19 x 36 x 36 mm<br \/>\n- 10 filter per f\u00f6rpackning<\/p>","protected":false},"excerpt":{"rendered":"<p>Denna nya produkt fr\u00e5n actiTube passar i alla fickor, oavsett hur sm\u00e5 de \u00e4r!<\/p>\n<p>H\u00e4r \u00e4r de bepr\u00f6vade aktiva kolfiltren fr\u00e5n actiTube (tidigare TUNE) i ett nytt f\u00f6rpackningsformat som g\u00f6r att du kan g\u00f6ra extremt utrymmessn\u00e5la f\u00f6rpackningar.<br \/>\nDe extra sm\u00e5 f\u00f6rpackningarna inneh\u00e5ller 10 actiTube slim-filter vardera och passar utm\u00e4rkt i ryggs\u00e4cken, fickan eller tobaksp\u00e5sen.<\/p>\n<p>\u00c4r dessa filter lovande?<br \/>\n- minska upptaget av tj\u00e4ra i luftv\u00e4garna.<br \/>\n- att varje bloss smakar behagligt friskt, s\u00f6tt och torrt.<br \/>\n- s\u00e5 att de inte t\u00e4pps igen eller kondensvatten kan tr\u00e4nga ut.<\/p>","protected":false},"featured_media":9973,"comment_status":"open","ping_status":"closed","template":"","meta":{"inline_featured_image":false},"product_cat":[15,366,368],"product_tag":[217,218],"class_list":{"0":"post-8844","1":"product","2":"type-product","3":"status-publish","4":"has-post-thumbnail","6":"product_brand-actitube","7":"product_cat-uncategorized","8":"product_cat-accessoires","9":"product_cat-filtres","10":"product_tag-feuilles","11":"product_tag-filtres","13":"first","14":"instock","15":"taxable","16":"shipping-taxable","17":"purchasable","18":"product-type-simple"},"jetpack_sharing_enabled":true,"_links":{"self":[{"href":"https:\/\/mariswiss.com\/sv\/wp-json\/wp\/v2\/product\/8844","targetHints":{"allow":["GET"]}}],"collection":[{"href":"https:\/\/mariswiss.com\/sv\/wp-json\/wp\/v2\/product"}],"about":[{"href":"https:\/\/mariswiss.com\/sv\/wp-json\/wp\/v2\/types\/product"}],"replies":[{"embeddable":true,"href":"https:\/\/mariswiss.com\/sv\/wp-json\/wp\/v2\/comments?post=8844"}],"wp:featuredmedia":[{"embeddable":true,"href":"https:\/\/mariswiss.com\/sv\/wp-json\/wp\/v2\/media\/9973"}],"wp:attachment":[{"href":"https:\/\/mariswiss.com\/sv\/wp-json\/wp\/v2\/media?parent=8844"}],"wp:term":[{"taxonomy":"product_cat","embeddable":true,"href":"https:\/\/mariswiss.com\/sv\/wp-json\/wp\/v2\/product_cat?post=8844"},{"taxonomy":"product_tag","embeddable":true,"href":"https:\/\/mariswiss.com\/sv\/wp-json\/wp\/v2\/product_tag?post=8844"}],"curies":[{"name":"wp","href":"https:\/\/api.w.org\/{rel}","templated":true}]}}