{"id":8850,"date":"2023-10-13T12:28:57","date_gmt":"2023-10-13T12:28:57","guid":{"rendered":"https:\/\/mariswiss.com\/?post_type=product&#038;p=8850"},"modified":"2025-07-11T08:18:33","modified_gmt":"2025-07-11T08:18:33","slug":"filtres-gizeh-slim","status":"publish","type":"product","link":"https:\/\/mariswiss.com\/sv\/product\/filtres-gizeh-slim\/","title":{"rendered":"GIZEH Smala filter"},"content":{"rendered":"<p>Gizeh \u00e4r ett tyskt varum\u00e4rke som specialiserat sig p\u00e5 allt f\u00f6r r\u00f6kare. Deras n\u00e4rvaro p\u00e5 marknaden i \u00e5rtionden har gjort det m\u00f6jligt f\u00f6r dem att skaffa sig o\u00f6vertr\u00e4ffad expertis inom detta omr\u00e5de.<\/p>\n<p>F\u00f6r att du ska f\u00e5 b\u00e4sta m\u00f6jliga smakupplevelse s\u00e4ljer vi bara produkter av h\u00f6gsta kvalitet. De \u00e4r v\u00e4rldsber\u00f6mda f\u00f6r sin struktur, och framf\u00f6r allt \u00e4r de tillverkade av f\u00f6rstklassiga material och r\u00e5varor.<\/p>\n<p>Priserna \u00e4r ocks\u00e5 mycket attraktiva f\u00f6r denna typ av produkt, s\u00e5 tveka inte att l\u00e4gga till dem i din best\u00e4llning!<\/p>","protected":false},"excerpt":{"rendered":"<p>- M\u00e5tt: 20 x 60 mm<br \/>\n- Perforerad<br \/>\n- Inget klor eller kemikalier<br \/>\n- 35 filter \/ f\u00f6rpackning<\/p>","protected":false},"featured_media":9092,"comment_status":"open","ping_status":"closed","template":"","meta":{"inline_featured_image":false},"product_cat":[15,366,368],"product_tag":[217,218],"class_list":{"0":"post-8850","1":"product","2":"type-product","3":"status-publish","4":"has-post-thumbnail","6":"product_brand-gizeh","7":"product_cat-uncategorized","8":"product_cat-accessoires","9":"product_cat-filtres","10":"product_tag-feuilles","11":"product_tag-filtres","13":"first","14":"instock","15":"taxable","16":"shipping-taxable","17":"purchasable","18":"product-type-simple"},"jetpack_sharing_enabled":true,"_links":{"self":[{"href":"https:\/\/mariswiss.com\/sv\/wp-json\/wp\/v2\/product\/8850","targetHints":{"allow":["GET"]}}],"collection":[{"href":"https:\/\/mariswiss.com\/sv\/wp-json\/wp\/v2\/product"}],"about":[{"href":"https:\/\/mariswiss.com\/sv\/wp-json\/wp\/v2\/types\/product"}],"replies":[{"embeddable":true,"href":"https:\/\/mariswiss.com\/sv\/wp-json\/wp\/v2\/comments?post=8850"}],"wp:featuredmedia":[{"embeddable":true,"href":"https:\/\/mariswiss.com\/sv\/wp-json\/wp\/v2\/media\/9092"}],"wp:attachment":[{"href":"https:\/\/mariswiss.com\/sv\/wp-json\/wp\/v2\/media?parent=8850"}],"wp:term":[{"taxonomy":"product_cat","embeddable":true,"href":"https:\/\/mariswiss.com\/sv\/wp-json\/wp\/v2\/product_cat?post=8850"},{"taxonomy":"product_tag","embeddable":true,"href":"https:\/\/mariswiss.com\/sv\/wp-json\/wp\/v2\/product_tag?post=8850"}],"curies":[{"name":"wp","href":"https:\/\/api.w.org\/{rel}","templated":true}]}}