{"id":9746,"date":"2023-10-12T13:52:56","date_gmt":"2023-10-12T13:52:56","guid":{"rendered":"https:\/\/mariswiss.com\/?post_type=product&#038;p=9746"},"modified":"2025-07-11T08:19:30","modified_gmt":"2025-07-11T08:19:30","slug":"bulldog-silver-feuilles-king-size-slim","status":"publish","type":"product","link":"https:\/\/mariswiss.com\/sv\/product\/bulldog-silver-feuilles-king-size-slim\/","title":{"rendered":"Bulldog Silver lakan King size slim"},"content":{"rendered":"<p>Bulldog Silver King size slim-lakan \u00e4r v\u00e4lk\u00e4nda och har blivit ikoner inom omr\u00e5det.<\/p>\n<p>De har sitt ursprung i Amsterdam, hampans huvudstad, och har f\u00e5tt sitt namn efter stadens ber\u00f6mda kaffebar.<\/p>\n<p>K\u00e4nnare uppmanas att h\u00e5lla utkik efter blad av h\u00f6g kvalitet f\u00f6r en avsmakning v\u00e4rd namnet.<\/p>","protected":false},"excerpt":{"rendered":"<p>Bulldog Silver King size slim-lakan \u00e4r v\u00e4lk\u00e4nda och har blivit ikoner inom omr\u00e5det.<\/p>\n<p>33 ark \/ f\u00f6rpackning.<\/p>\n<p>De \u00e4r l\u00e4tta och h\u00e5llbara och kommer s\u00e4kert att falla i god jord.<\/p>","protected":false},"featured_media":9749,"comment_status":"open","ping_status":"closed","template":"","meta":{"inline_featured_image":false},"product_cat":[15,366,369],"product_tag":[217],"class_list":{"0":"post-9746","1":"product","2":"type-product","3":"status-publish","4":"has-post-thumbnail","6":"product_brand-bulldog","7":"product_cat-uncategorized","8":"product_cat-accessoires","9":"product_cat-feuilles-a-rouler","10":"product_tag-feuilles","12":"first","13":"instock","14":"taxable","15":"shipping-taxable","16":"purchasable","17":"product-type-simple"},"jetpack_sharing_enabled":true,"_links":{"self":[{"href":"https:\/\/mariswiss.com\/sv\/wp-json\/wp\/v2\/product\/9746","targetHints":{"allow":["GET"]}}],"collection":[{"href":"https:\/\/mariswiss.com\/sv\/wp-json\/wp\/v2\/product"}],"about":[{"href":"https:\/\/mariswiss.com\/sv\/wp-json\/wp\/v2\/types\/product"}],"replies":[{"embeddable":true,"href":"https:\/\/mariswiss.com\/sv\/wp-json\/wp\/v2\/comments?post=9746"}],"wp:featuredmedia":[{"embeddable":true,"href":"https:\/\/mariswiss.com\/sv\/wp-json\/wp\/v2\/media\/9749"}],"wp:attachment":[{"href":"https:\/\/mariswiss.com\/sv\/wp-json\/wp\/v2\/media?parent=9746"}],"wp:term":[{"taxonomy":"product_cat","embeddable":true,"href":"https:\/\/mariswiss.com\/sv\/wp-json\/wp\/v2\/product_cat?post=9746"},{"taxonomy":"product_tag","embeddable":true,"href":"https:\/\/mariswiss.com\/sv\/wp-json\/wp\/v2\/product_tag?post=9746"}],"curies":[{"name":"wp","href":"https:\/\/api.w.org\/{rel}","templated":true}]}}