{"id":9750,"date":"2023-10-12T13:52:55","date_gmt":"2023-10-12T13:52:55","guid":{"rendered":"https:\/\/mariswiss.com\/?post_type=product&#038;p=9750"},"modified":"2025-07-11T08:19:33","modified_gmt":"2025-07-11T08:19:33","slug":"gizeh-feuilles-bio","status":"publish","type":"product","link":"https:\/\/mariswiss.com\/sv\/product\/gizeh-feuilles-bio\/","title":{"rendered":"Gizeh 100% Organiska blad King size slim + filter"},"content":{"rendered":"<p>De ekologiska lakanen Gizeh 100% \u00e4r en subtil blandning av King Size Slim-lakan, gjorda av oblekt hampa fr\u00e5n certifierat ekologiskt jordbruk, och matchande spetsar fr\u00e5n GIZEH pure-serien.<\/p>\n<p>Kartongernas spetsar kan vikas f\u00f6r att g\u00f6ra filtreringen mer effektiv.<\/p>\n<p>De ultratunna och n\u00e5got transparenta papperen brinner l\u00e5ngsamt och j\u00e4mnt och ger en perfekt smak.<\/p>\n<p>VEGAN-v\u00e4nlig produkt.<\/p>","protected":false},"excerpt":{"rendered":"<p>De ekologiska lakanen Gizeh 100% \u00e4r en subtil blandning av King Size Slim-lakan, gjorda av oblekt hampa fr\u00e5n certifierat ekologiskt jordbruk, och matchande spetsar fr\u00e5n GIZEH pure-serien.<\/p>\n<ul>\n<li>arkstorlek: 44*107 mm<\/li>\n<li>filterm\u00e5tt: 24*54 mm<\/li>\n<li>34 ark och filter \/ f\u00f6rpackning<\/li>\n<\/ul>","protected":false},"featured_media":9751,"comment_status":"open","ping_status":"closed","template":"","meta":{"inline_featured_image":false},"product_cat":[15,366,369],"product_tag":[217],"class_list":{"0":"post-9750","1":"product","2":"type-product","3":"status-publish","4":"has-post-thumbnail","6":"product_brand-gizeh","7":"product_cat-uncategorized","8":"product_cat-accessoires","9":"product_cat-feuilles-a-rouler","10":"product_tag-feuilles","12":"first","13":"instock","14":"taxable","15":"shipping-taxable","16":"purchasable","17":"product-type-simple"},"jetpack_sharing_enabled":true,"_links":{"self":[{"href":"https:\/\/mariswiss.com\/sv\/wp-json\/wp\/v2\/product\/9750","targetHints":{"allow":["GET"]}}],"collection":[{"href":"https:\/\/mariswiss.com\/sv\/wp-json\/wp\/v2\/product"}],"about":[{"href":"https:\/\/mariswiss.com\/sv\/wp-json\/wp\/v2\/types\/product"}],"replies":[{"embeddable":true,"href":"https:\/\/mariswiss.com\/sv\/wp-json\/wp\/v2\/comments?post=9750"}],"wp:featuredmedia":[{"embeddable":true,"href":"https:\/\/mariswiss.com\/sv\/wp-json\/wp\/v2\/media\/9751"}],"wp:attachment":[{"href":"https:\/\/mariswiss.com\/sv\/wp-json\/wp\/v2\/media?parent=9750"}],"wp:term":[{"taxonomy":"product_cat","embeddable":true,"href":"https:\/\/mariswiss.com\/sv\/wp-json\/wp\/v2\/product_cat?post=9750"},{"taxonomy":"product_tag","embeddable":true,"href":"https:\/\/mariswiss.com\/sv\/wp-json\/wp\/v2\/product_tag?post=9750"}],"curies":[{"name":"wp","href":"https:\/\/api.w.org\/{rel}","templated":true}]}}